{"id":62,"date":"2026-01-08T10:23:05","date_gmt":"2026-01-08T10:23:05","guid":{"rendered":"https:\/\/masiacalpo.com\/?page_id=62"},"modified":"2026-04-07T09:27:07","modified_gmt":"2026-04-07T09:27:07","slug":"la-masia","status":"publish","type":"page","link":"https:\/\/masiacalpo.com\/en\/la-masia\/","title":{"rendered":"La Masia"},"content":{"rendered":"<div data-elementor-type=\"wp-page\" data-elementor-id=\"62\" class=\"elementor elementor-62\" data-elementor-post-type=\"page\">\n\t\t\t\t<div class=\"elementor-element elementor-element-82c34f6 e-flex e-con-boxed e-con e-parent\" data-id=\"82c34f6\" data-element_type=\"container\" data-settings=\"{&quot;background_background&quot;:&quot;classic&quot;}\">\n\t\t\t\t\t<div class=\"e-con-inner\">\n\t\t\t\t\t<\/div>\n\t\t\t\t<\/div>\n\t\t<div class=\"elementor-element elementor-element-cc904a0 e-flex e-con-boxed e-con e-parent\" data-id=\"cc904a0\" data-element_type=\"container\" data-settings=\"{&quot;background_background&quot;:&quot;classic&quot;}\">\n\t\t\t\t\t<div class=\"e-con-inner\">\n\t\t<div class=\"elementor-element elementor-element-f216007 e-con-full e-flex e-con e-child\" data-id=\"f216007\" data-element_type=\"container\" data-settings=\"{&quot;background_background&quot;:&quot;classic&quot;}\">\n\t\t\t\t<div class=\"elementor-element elementor-element-e777857 elementor-widget__width-initial elementor-widget elementor-widget-heading\" data-id=\"e777857\" data-element_type=\"widget\" data-widget_type=\"heading.default\">\n\t\t\t\t\t<h1 class=\"elementor-heading-title elementor-size-default\"><br>Cal Po <\/h1>\t\t\t\t<\/div>\n\t\t\t\t<div class=\"elementor-element elementor-element-2d9196d elementor-widget__width-initial elementor-widget elementor-widget-heading\" data-id=\"2d9196d\" data-element_type=\"widget\" data-widget_type=\"heading.default\">\n\t\t\t\t\t<h2 class=\"elementor-heading-title elementor-size-default\"><br>Aqui empez\u00f3 todo.<\/h2>\t\t\t\t<\/div>\n\t\t\t\t<div class=\"elementor-element elementor-element-ffa6be2 elementor-widget elementor-widget-text-editor\" data-id=\"ffa6be2\" data-element_type=\"widget\" data-widget_type=\"text-editor.default\">\n\t\t\t\t\t\t\t\t\t<p>\u00a0<\/p><p>Hay lugares que no nacen.\u00a0<\/p><p>Hay lugares que se plantan.\u00a0<\/p><p>Cal Po no empieza con una casa.\u00a0<\/p><p>Empieza con una semilla.<\/p><p>\u00a0<\/p>\t\t\t\t\t\t\t\t<\/div>\n\t\t\t\t<\/div>\n\t\t\t\t\t<\/div>\n\t\t\t\t<\/div>\n\t\t<div class=\"elementor-element elementor-element-b1be44d e-con-full e-flex e-con e-parent\" data-id=\"b1be44d\" data-element_type=\"container\">\n\t\t<div class=\"elementor-element elementor-element-646ce31 e-con-full e-flex e-con e-child\" data-id=\"646ce31\" data-element_type=\"container\" data-settings=\"{&quot;background_background&quot;:&quot;classic&quot;}\">\n\t\t<div class=\"elementor-element elementor-element-ff0be3d animated-slow e-flex e-con-boxed e-con e-child\" data-id=\"ff0be3d\" data-element_type=\"container\" data-settings=\"{&quot;background_background&quot;:&quot;classic&quot;,&quot;animation&quot;:&quot;none&quot;}\">\n\t\t\t\t\t<div class=\"e-con-inner\">\n\t\t\t\t<div class=\"elementor-element elementor-element-f65f454 elementor-widget__width-initial elementor-widget elementor-widget-text-editor\" data-id=\"f65f454\" data-element_type=\"widget\" data-widget_type=\"text-editor.default\">\n\t\t\t\t\t\t\t\t\t<p>En el a\u00f1o 1759, cuando esta tierra a\u00fan no ten\u00eda forma, dos partes de un mismo terreno cambiaron de manos. Josep Jorba vendi\u00f3 una mitad. Y los hermanos Caraf\u00ed (mayor y menor) vieron en ella algo m\u00e1s que una tierra para cultivar.<\/p><p>\u00a0<\/p><p>Vieron el lugar donde plantar. No solo sembrar, sino tambi\u00e9n arraigar. All\u00ed, a los pies de Montserrat, no hab\u00eda muros ni techos.<\/p><p>Pero hab\u00eda una intuici\u00f3n silenciosa: la de quedarse.<\/p><p>\u00a0<\/p><p>Y cuando alguien decide quedarse, la tierra responde.<\/p><p>Como lo hace con todo aquello que se planta con intenci\u00f3n.<\/p>\t\t\t\t\t\t\t\t<\/div>\n\t\t\t\t\t<\/div>\n\t\t\t\t<\/div>\n\t\t\t\t<\/div>\n\t\t<div class=\"elementor-element elementor-element-c486106 e-con-full e-flex e-con e-child\" data-id=\"c486106\" data-element_type=\"container\" data-settings=\"{&quot;background_background&quot;:&quot;classic&quot;}\">\n\t\t\t\t<\/div>\n\t\t\t\t<\/div>\n\t\t<div class=\"elementor-element elementor-element-c4ff91b e-con-full e-flex e-con e-parent\" data-id=\"c4ff91b\" data-element_type=\"container\">\n\t\t<div class=\"elementor-element elementor-element-324ec7e e-con-full e-flex e-con e-child\" data-id=\"324ec7e\" data-element_type=\"container\" data-settings=\"{&quot;background_background&quot;:&quot;classic&quot;}\">\n\t\t<div class=\"elementor-element elementor-element-92df35b animated-slow e-flex e-con-boxed e-con e-child\" data-id=\"92df35b\" data-element_type=\"container\" data-settings=\"{&quot;background_background&quot;:&quot;classic&quot;,&quot;animation&quot;:&quot;none&quot;}\">\n\t\t\t\t\t<div class=\"e-con-inner\">\n\t\t\t\t<div class=\"elementor-element elementor-element-d016a0b elementor-widget__width-initial elementor-widget elementor-widget-text-editor\" data-id=\"d016a0b\" data-element_type=\"widget\" data-widget_type=\"text-editor.default\">\n\t\t\t\t\t\t\t\t\t<p>Primero fue la tierra.<\/p><p>Despu\u00e9s, las ra\u00edces.<\/p><p>Y finalmente, el tronco.<\/p><p>Una mas\u00eda levantada con lo esencial: piedra, esfuerzo y tiempo. Sin prisa, pero con delicadeza. Como todo lo que crece de verdad.<\/p><p>Cal Po (el diminutivo de \u201cJosep\u00f3\u201d) no es solo un nombre. Es el \u00e1rbol que empez\u00f3 a crecer cuando alguien decidi\u00f3 no marcharse. Pero ning\u00fan \u00e1rbol se mantiene solo porque un d\u00eda fue plantado.<\/p><p>Se mantiene porque alguien lo cuida.<\/p><p>Generaci\u00f3n tras generaci\u00f3n, esta tierra ha sido trabajada. Como quien poda, riega y protege aquello que quiere ver crecer.<\/p>\t\t\t\t\t\t\t\t<\/div>\n\t\t\t\t\t<\/div>\n\t\t\t\t<\/div>\n\t\t\t\t<\/div>\n\t\t<div class=\"elementor-element elementor-element-3754838 e-con-full e-flex e-con e-child\" data-id=\"3754838\" data-element_type=\"container\" data-settings=\"{&quot;background_background&quot;:&quot;classic&quot;}\">\n\t\t\t\t<\/div>\n\t\t\t\t<\/div>\n\t\t<div class=\"elementor-element elementor-element-4dadea0 e-con-full e-flex e-con e-parent\" data-id=\"4dadea0\" data-element_type=\"container\">\n\t\t<div class=\"elementor-element elementor-element-2346743 e-con-full e-flex e-con e-child\" data-id=\"2346743\" data-element_type=\"container\" data-settings=\"{&quot;background_background&quot;:&quot;classic&quot;}\">\n\t\t<div class=\"elementor-element elementor-element-d792b0f e-con-full animated-slow e-flex e-con e-child\" data-id=\"d792b0f\" data-element_type=\"container\" data-settings=\"{&quot;background_background&quot;:&quot;classic&quot;,&quot;animation&quot;:&quot;none&quot;}\">\n\t\t\t\t<div class=\"elementor-element elementor-element-5aefe20 elementor-widget__width-initial elementor-widget elementor-widget-text-editor\" data-id=\"5aefe20\" data-element_type=\"widget\" data-widget_type=\"text-editor.default\">\n\t\t\t\t\t\t\t\t\t<p>Caminos abiertos entre silencios. Decisiones tomadas con m\u00e1s coraz\u00f3n que certeza. D\u00edas largos. Noches cortas.<\/p><p><br>Hubo momentos en los que habr\u00eda sido m\u00e1s f\u00e1cil dejarlo secar. Cuando el viento soplaba fuerte.<br>Cuando todo tambaleaba.<\/p><p><br><\/p>\n<p>Pero aqu\u00ed no. Aqu\u00ed siempre ha habido alguien que ha vuelto a cuidar la ra\u00edz.<br>Porque Cal Po no es una herencia que se recibe.<br>Es un \u00e1rbol que se decide seguir haciendo crecer.<\/p>\n<p>No se entiende solo por su origen,<\/p><p><br>sino por cada vez que alguien ha vuelto a plantarse ante \u00e9l y ha dicho: Seguimos.<br>El tiempo lo transforma todo. Pero lo que tiene ra\u00edz\u2026 resiste.<\/p>\t\t\t\t\t\t\t\t<\/div>\n\t\t\t\t<\/div>\n\t\t\t\t<\/div>\n\t\t<div class=\"elementor-element elementor-element-fae4e8e e-con-full e-flex e-con e-child\" data-id=\"fae4e8e\" data-element_type=\"container\" data-settings=\"{&quot;background_background&quot;:&quot;classic&quot;}\">\n\t\t\t\t<\/div>\n\t\t\t\t<\/div>\n\t\t<div class=\"elementor-element elementor-element-000479e e-con-full e-flex e-con e-parent\" data-id=\"000479e\" data-element_type=\"container\">\n\t\t<div class=\"elementor-element elementor-element-a49d38d e-con-full e-flex e-con e-child\" data-id=\"a49d38d\" data-element_type=\"container\" data-settings=\"{&quot;background_background&quot;:&quot;classic&quot;}\">\n\t\t<div class=\"elementor-element elementor-element-dd34db7 e-con-full animated-slow e-flex e-con e-child\" data-id=\"dd34db7\" data-element_type=\"container\" data-settings=\"{&quot;background_background&quot;:&quot;classic&quot;,&quot;animation&quot;:&quot;none&quot;}\">\n\t\t\t\t<div class=\"elementor-element elementor-element-9f7c715 elementor-widget__width-initial elementor-widget elementor-widget-text-editor\" data-id=\"9f7c715\" data-element_type=\"widget\" data-widget_type=\"text-editor.default\">\n\t\t\t\t\t\t\t\t\t<p>Con el tiempo, se sigue dibujando este paisaje. La mas\u00eda ha sido cuidada, adaptada, sostenida con respeto. Y, aun as\u00ed, hay algo que no ha cambiado: la esencia.<\/p><p>\u00a0<\/p><p>Aqu\u00ed la calma no se busca. Se encuentra. Como la sombra en uno de esos d\u00edas calurosos de verano,<\/p><p>cuando todo se detiene y solo queda respirar.<\/p><p>Y Montserrat\u2026 no es solo un horizonte.<\/p><p>Es el paisaje que ha visto crecer todo esto.<\/p><p>\u00a0<\/p><p>Hoy, Cal Po es todo eso.<\/p><p>Un lugar donde parar.<\/p><p>Donde reconectar.<\/p><p>Donde volver a lo esencial.<\/p><p>No crece hacia arriba, crece hacia dentro. Se abre.<\/p><p>A quien llega. A quien necesita aire. A quien busca algo que no siempre sabe explicar.<\/p>\t\t\t\t\t\t\t\t<\/div>\n\t\t\t\t<\/div>\n\t\t\t\t<\/div>\n\t\t<div class=\"elementor-element elementor-element-5a06292 e-con-full e-flex e-con e-child\" data-id=\"5a06292\" data-element_type=\"container\" data-settings=\"{&quot;background_background&quot;:&quot;classic&quot;}\">\n\t\t\t\t<\/div>\n\t\t\t\t<\/div>\n\t\t<div class=\"elementor-element elementor-element-390445b e-con-full e-flex e-con e-parent\" data-id=\"390445b\" data-element_type=\"container\">\n\t\t<div class=\"elementor-element elementor-element-6b59b24 e-con-full e-flex e-con e-child\" data-id=\"6b59b24\" data-element_type=\"container\" data-settings=\"{&quot;background_background&quot;:&quot;classic&quot;}\">\n\t\t<div class=\"elementor-element elementor-element-0116e85 e-con-full animated-slow e-flex e-con e-child\" data-id=\"0116e85\" data-element_type=\"container\" data-settings=\"{&quot;background_background&quot;:&quot;classic&quot;,&quot;animation&quot;:&quot;none&quot;}\">\n\t\t\t\t<div class=\"elementor-element elementor-element-37c05f6 elementor-widget__width-initial elementor-widget elementor-widget-text-editor\" data-id=\"37c05f6\" data-element_type=\"widget\" data-widget_type=\"text-editor.default\">\n\t\t\t\t\t\t\t\t\t<p>Se abre para compartir.<\/p><p>Para acoger.<\/p><p>Para que otros tambi\u00e9n puedan sentir lo que aqu\u00ed lleva generaciones construy\u00e9ndose en silencio:<\/p><p>conexi\u00f3n, verdad y ra\u00edz.<\/p><p>\u00a0<\/p><p>Cal Po no es una mas\u00eda bonita. Es un lugar con sentido. Un espacio que ha resistido el tiempo sin perder su alma,<\/p><p>y que hoy sigue ofreciendo lo que realmente importa.<\/p><p>\u00a0<\/p><p>Y si algo queda despu\u00e9s de todo este camino, es que:<\/p><p>Cal Po no pertenece solo a quien la empez\u00f3. Pertenece a cada persona que llega\u2026 y se reconoce en ella.<\/p><p>\u00a0<\/p>\t\t\t\t\t\t\t\t<\/div>\n\t\t\t\t<\/div>\n\t\t\t\t<\/div>\n\t\t<div class=\"elementor-element elementor-element-94227b5 e-con-full e-flex e-con e-child\" data-id=\"94227b5\" data-element_type=\"container\" data-settings=\"{&quot;background_background&quot;:&quot;classic&quot;}\">\n\t\t\t\t<\/div>\n\t\t\t\t<\/div>\n\t\t<footer class=\"elementor-element elementor-element-325e510 e-con-full e-flex e-con e-parent\" data-id=\"325e510\" data-element_type=\"container\">\n\t\t\t\t<div class=\"elementor-element elementor-element-d110c2e elementor-widget__width-auto e-transform elementor-widget elementor-widget-image\" data-id=\"d110c2e\" data-element_type=\"widget\" data-settings=\"{&quot;_transform_scale_effect&quot;:{&quot;unit&quot;:&quot;px&quot;,&quot;size&quot;:1.4,&quot;sizes&quot;:[]},&quot;_transform_scale_effect_mobile&quot;:{&quot;unit&quot;:&quot;px&quot;,&quot;size&quot;:1.5,&quot;sizes&quot;:[]},&quot;_transform_scale_effect_tablet&quot;:{&quot;unit&quot;:&quot;px&quot;,&quot;size&quot;:&quot;&quot;,&quot;sizes&quot;:[]}}\" data-widget_type=\"image.default\">\n\t\t\t\t\t\t\t\t\t\t\t\t\t\t\t<img fetchpriority=\"high\" decoding=\"async\" width=\"1086\" height=\"396\" src=\"https:\/\/masiacalpo.com\/wp-content\/uploads\/2026\/04\/IMG_5995.jpg\" class=\"attachment-full size-full wp-image-794\" alt=\"\" srcset=\"https:\/\/masiacalpo.com\/wp-content\/uploads\/2026\/04\/IMG_5995.jpg 1086w, https:\/\/masiacalpo.com\/wp-content\/uploads\/2026\/04\/IMG_5995-300x109.jpg 300w, https:\/\/masiacalpo.com\/wp-content\/uploads\/2026\/04\/IMG_5995-1024x373.jpg 1024w, https:\/\/masiacalpo.com\/wp-content\/uploads\/2026\/04\/IMG_5995-768x280.jpg 768w, https:\/\/masiacalpo.com\/wp-content\/uploads\/2026\/04\/IMG_5995-18x7.jpg 18w\" sizes=\"(max-width: 1086px) 100vw, 1086px\" \/>\t\t\t\t\t\t\t\t\t\t\t\t\t\t\t<\/div>\n\t\t\t\t<\/footer>\n\t\t\t\t<\/div>","protected":false},"excerpt":{"rendered":"<p>Cal Po Aqui empez\u00f3 todo. \u00a0 Hay lugares que no nacen.\u00a0 Hay lugares que se plantan.\u00a0 Cal Po no empieza con una casa.\u00a0 Empieza con una semilla. \u00a0 En el a\u00f1o 1759, cuando esta tierra a\u00fan no ten\u00eda forma, dos partes de un mismo terreno cambiaron de manos. Josep Jorba vendi\u00f3 una mitad. Y los [&hellip;]<\/p>\n","protected":false},"author":1,"featured_media":0,"parent":0,"menu_order":0,"comment_status":"closed","ping_status":"closed","template":"elementor_theme","meta":{"_acf_changed":false,"footnotes":""},"class_list":["post-62","page","type-page","status-publish","hentry"],"acf":[],"yoast_head":"<!-- This site is optimized with the Yoast SEO plugin v27.3 - https:\/\/yoast.com\/product\/yoast-seo-wordpress\/ -->\n<title>La Masia - Masia Cal Po<\/title>\n<meta name=\"description\" content=\"Descubre la esencia de Cal Po, una mas\u00eda hist\u00f3rica a los pies de Montserrat. Un lugar con ra\u00edz para reconectar, celebrar y volver a lo esencial. \u00a1Vis\u00edtanos!\" \/>\n<meta name=\"robots\" content=\"index, follow, max-snippet:-1, max-image-preview:large, max-video-preview:-1\" \/>\n<link rel=\"canonical\" href=\"https:\/\/masiacalpo.com\/en\/la-masia\/\" \/>\n<meta property=\"og:locale\" content=\"en_US\" \/>\n<meta property=\"og:type\" content=\"article\" \/>\n<meta property=\"og:title\" content=\"La Masia - Masia Cal Po\" \/>\n<meta property=\"og:description\" content=\"Descubre la esencia de Cal Po, una mas\u00eda hist\u00f3rica a los pies de Montserrat. Un lugar con ra\u00edz para reconectar, celebrar y volver a lo esencial. \u00a1Vis\u00edtanos!\" \/>\n<meta property=\"og:url\" content=\"https:\/\/masiacalpo.com\/en\/la-masia\/\" \/>\n<meta property=\"og:site_name\" content=\"Masia Cal Po\" \/>\n<meta property=\"article:modified_time\" content=\"2026-04-07T09:27:07+00:00\" \/>\n<meta property=\"og:image\" content=\"https:\/\/masiacalpo.com\/wp-content\/uploads\/2026\/04\/IMG_5995.jpg\" \/>\n\t<meta property=\"og:image:width\" content=\"1086\" \/>\n\t<meta property=\"og:image:height\" content=\"396\" \/>\n\t<meta property=\"og:image:type\" content=\"image\/jpeg\" \/>\n<meta name=\"twitter:card\" content=\"summary_large_image\" \/>\n<meta name=\"twitter:label1\" content=\"Est. reading time\" \/>\n\t<meta name=\"twitter:data1\" content=\"3 minutes\" \/>\n<script type=\"application\/ld+json\" class=\"yoast-schema-graph\">{\"@context\":\"https:\\\/\\\/schema.org\",\"@graph\":[{\"@type\":\"WebPage\",\"@id\":\"https:\\\/\\\/masiacalpo.com\\\/la-masia\\\/\",\"url\":\"https:\\\/\\\/masiacalpo.com\\\/la-masia\\\/\",\"name\":\"La Masia - Masia Cal Po\",\"isPartOf\":{\"@id\":\"https:\\\/\\\/masiacalpo.com\\\/#website\"},\"primaryImageOfPage\":{\"@id\":\"https:\\\/\\\/masiacalpo.com\\\/la-masia\\\/#primaryimage\"},\"image\":{\"@id\":\"https:\\\/\\\/masiacalpo.com\\\/la-masia\\\/#primaryimage\"},\"thumbnailUrl\":\"https:\\\/\\\/masiacalpo.com\\\/wp-content\\\/uploads\\\/2026\\\/04\\\/IMG_5995.jpg\",\"datePublished\":\"2026-01-08T10:23:05+00:00\",\"dateModified\":\"2026-04-07T09:27:07+00:00\",\"description\":\"Descubre la esencia de Cal Po, una mas\u00eda hist\u00f3rica a los pies de Montserrat. Un lugar con ra\u00edz para reconectar, celebrar y volver a lo esencial. \u00a1Vis\u00edtanos!\",\"breadcrumb\":{\"@id\":\"https:\\\/\\\/masiacalpo.com\\\/la-masia\\\/#breadcrumb\"},\"inLanguage\":\"en-US\",\"potentialAction\":[{\"@type\":\"ReadAction\",\"target\":[\"https:\\\/\\\/masiacalpo.com\\\/la-masia\\\/\"]}]},{\"@type\":\"ImageObject\",\"inLanguage\":\"en-US\",\"@id\":\"https:\\\/\\\/masiacalpo.com\\\/la-masia\\\/#primaryimage\",\"url\":\"https:\\\/\\\/masiacalpo.com\\\/wp-content\\\/uploads\\\/2026\\\/04\\\/IMG_5995.jpg\",\"contentUrl\":\"https:\\\/\\\/masiacalpo.com\\\/wp-content\\\/uploads\\\/2026\\\/04\\\/IMG_5995.jpg\"},{\"@type\":\"BreadcrumbList\",\"@id\":\"https:\\\/\\\/masiacalpo.com\\\/la-masia\\\/#breadcrumb\",\"itemListElement\":[{\"@type\":\"ListItem\",\"position\":1,\"name\":\"Portada\",\"item\":\"https:\\\/\\\/masiacalpo.com\\\/\"},{\"@type\":\"ListItem\",\"position\":2,\"name\":\"La Masia\"}]},{\"@type\":\"WebSite\",\"@id\":\"https:\\\/\\\/masiacalpo.com\\\/#website\",\"url\":\"https:\\\/\\\/masiacalpo.com\\\/\",\"name\":\"Masia Cal Po\",\"description\":\"Casa rural en Collbat\u00f3, a los pies de Montserrat. Un espacio tranquilo para desconectar, disfrutar de la naturaleza y vivir una estancia con encanto.\",\"publisher\":{\"@id\":\"https:\\\/\\\/masiacalpo.com\\\/#organization\"},\"potentialAction\":[{\"@type\":\"SearchAction\",\"target\":{\"@type\":\"EntryPoint\",\"urlTemplate\":\"https:\\\/\\\/masiacalpo.com\\\/?s={search_term_string}\"},\"query-input\":{\"@type\":\"PropertyValueSpecification\",\"valueRequired\":true,\"valueName\":\"search_term_string\"}}],\"inLanguage\":\"en-US\"},{\"@type\":\"Organization\",\"@id\":\"https:\\\/\\\/masiacalpo.com\\\/#organization\",\"name\":\"Masia Cal Po\",\"url\":\"https:\\\/\\\/masiacalpo.com\\\/\",\"logo\":{\"@type\":\"ImageObject\",\"inLanguage\":\"en-US\",\"@id\":\"https:\\\/\\\/masiacalpo.com\\\/#\\\/schema\\\/logo\\\/image\\\/\",\"url\":\"https:\\\/\\\/masiacalpo.com\\\/wp-content\\\/uploads\\\/2026\\\/01\\\/Cal-po-minimo-white-transp-1.png\",\"contentUrl\":\"https:\\\/\\\/masiacalpo.com\\\/wp-content\\\/uploads\\\/2026\\\/01\\\/Cal-po-minimo-white-transp-1.png\",\"width\":900,\"height\":319,\"caption\":\"Masia Cal Po\"},\"image\":{\"@id\":\"https:\\\/\\\/masiacalpo.com\\\/#\\\/schema\\\/logo\\\/image\\\/\"}}]}<\/script>\n<!-- \/ Yoast SEO plugin. -->","yoast_head_json":{"title":"La Masia - Masia Cal Po","description":"Descubre la esencia de Cal Po, una mas\u00eda hist\u00f3rica a los pies de Montserrat. Un lugar con ra\u00edz para reconectar, celebrar y volver a lo esencial. \u00a1Vis\u00edtanos!","robots":{"index":"index","follow":"follow","max-snippet":"max-snippet:-1","max-image-preview":"max-image-preview:large","max-video-preview":"max-video-preview:-1"},"canonical":"https:\/\/masiacalpo.com\/en\/la-masia\/","og_locale":"en_US","og_type":"article","og_title":"La Masia - Masia Cal Po","og_description":"Descubre la esencia de Cal Po, una mas\u00eda hist\u00f3rica a los pies de Montserrat. Un lugar con ra\u00edz para reconectar, celebrar y volver a lo esencial. \u00a1Vis\u00edtanos!","og_url":"https:\/\/masiacalpo.com\/en\/la-masia\/","og_site_name":"Masia Cal Po","article_modified_time":"2026-04-07T09:27:07+00:00","og_image":[{"width":1086,"height":396,"url":"https:\/\/masiacalpo.com\/wp-content\/uploads\/2026\/04\/IMG_5995.jpg","type":"image\/jpeg"}],"twitter_card":"summary_large_image","twitter_misc":{"Est. reading time":"3 minutes"},"schema":{"@context":"https:\/\/schema.org","@graph":[{"@type":"WebPage","@id":"https:\/\/masiacalpo.com\/la-masia\/","url":"https:\/\/masiacalpo.com\/la-masia\/","name":"La Masia - Masia Cal Po","isPartOf":{"@id":"https:\/\/masiacalpo.com\/#website"},"primaryImageOfPage":{"@id":"https:\/\/masiacalpo.com\/la-masia\/#primaryimage"},"image":{"@id":"https:\/\/masiacalpo.com\/la-masia\/#primaryimage"},"thumbnailUrl":"https:\/\/masiacalpo.com\/wp-content\/uploads\/2026\/04\/IMG_5995.jpg","datePublished":"2026-01-08T10:23:05+00:00","dateModified":"2026-04-07T09:27:07+00:00","description":"Descubre la esencia de Cal Po, una mas\u00eda hist\u00f3rica a los pies de Montserrat. Un lugar con ra\u00edz para reconectar, celebrar y volver a lo esencial. \u00a1Vis\u00edtanos!","breadcrumb":{"@id":"https:\/\/masiacalpo.com\/la-masia\/#breadcrumb"},"inLanguage":"en-US","potentialAction":[{"@type":"ReadAction","target":["https:\/\/masiacalpo.com\/la-masia\/"]}]},{"@type":"ImageObject","inLanguage":"en-US","@id":"https:\/\/masiacalpo.com\/la-masia\/#primaryimage","url":"https:\/\/masiacalpo.com\/wp-content\/uploads\/2026\/04\/IMG_5995.jpg","contentUrl":"https:\/\/masiacalpo.com\/wp-content\/uploads\/2026\/04\/IMG_5995.jpg"},{"@type":"BreadcrumbList","@id":"https:\/\/masiacalpo.com\/la-masia\/#breadcrumb","itemListElement":[{"@type":"ListItem","position":1,"name":"Portada","item":"https:\/\/masiacalpo.com\/"},{"@type":"ListItem","position":2,"name":"La Masia"}]},{"@type":"WebSite","@id":"https:\/\/masiacalpo.com\/#website","url":"https:\/\/masiacalpo.com\/","name":"Masia Cal Po","description":"Casa rural en Collbat\u00f3, a los pies de Montserrat. Un espacio tranquilo para desconectar, disfrutar de la naturaleza y vivir una estancia con encanto.","publisher":{"@id":"https:\/\/masiacalpo.com\/#organization"},"potentialAction":[{"@type":"SearchAction","target":{"@type":"EntryPoint","urlTemplate":"https:\/\/masiacalpo.com\/?s={search_term_string}"},"query-input":{"@type":"PropertyValueSpecification","valueRequired":true,"valueName":"search_term_string"}}],"inLanguage":"en-US"},{"@type":"Organization","@id":"https:\/\/masiacalpo.com\/#organization","name":"Masia Cal Po","url":"https:\/\/masiacalpo.com\/","logo":{"@type":"ImageObject","inLanguage":"en-US","@id":"https:\/\/masiacalpo.com\/#\/schema\/logo\/image\/","url":"https:\/\/masiacalpo.com\/wp-content\/uploads\/2026\/01\/Cal-po-minimo-white-transp-1.png","contentUrl":"https:\/\/masiacalpo.com\/wp-content\/uploads\/2026\/01\/Cal-po-minimo-white-transp-1.png","width":900,"height":319,"caption":"Masia Cal Po"},"image":{"@id":"https:\/\/masiacalpo.com\/#\/schema\/logo\/image\/"}}]}},"_links":{"self":[{"href":"https:\/\/masiacalpo.com\/en\/wp-json\/wp\/v2\/pages\/62","targetHints":{"allow":["GET"]}}],"collection":[{"href":"https:\/\/masiacalpo.com\/en\/wp-json\/wp\/v2\/pages"}],"about":[{"href":"https:\/\/masiacalpo.com\/en\/wp-json\/wp\/v2\/types\/page"}],"author":[{"embeddable":true,"href":"https:\/\/masiacalpo.com\/en\/wp-json\/wp\/v2\/users\/1"}],"replies":[{"embeddable":true,"href":"https:\/\/masiacalpo.com\/en\/wp-json\/wp\/v2\/comments?post=62"}],"version-history":[{"count":134,"href":"https:\/\/masiacalpo.com\/en\/wp-json\/wp\/v2\/pages\/62\/revisions"}],"predecessor-version":[{"id":921,"href":"https:\/\/masiacalpo.com\/en\/wp-json\/wp\/v2\/pages\/62\/revisions\/921"}],"wp:attachment":[{"href":"https:\/\/masiacalpo.com\/en\/wp-json\/wp\/v2\/media?parent=62"}],"curies":[{"name":"wp","href":"https:\/\/api.w.org\/{rel}","templated":true}]}}