{"id":84,"date":"2026-01-08T11:02:16","date_gmt":"2026-01-08T11:02:16","guid":{"rendered":"https:\/\/masiacalpo.com\/?page_id=84"},"modified":"2026-04-07T07:26:55","modified_gmt":"2026-04-07T07:26:55","slug":"ocio","status":"publish","type":"page","link":"https:\/\/masiacalpo.com\/ca\/ocio\/","title":{"rendered":"Ocio"},"content":{"rendered":"<div data-elementor-type=\"wp-page\" data-elementor-id=\"84\" class=\"elementor elementor-84\" data-elementor-post-type=\"page\">\n\t\t\t\t<div class=\"elementor-element elementor-element-f049349 e-flex e-con-boxed e-con e-parent\" data-id=\"f049349\" data-element_type=\"container\" data-settings=\"{&quot;background_background&quot;:&quot;classic&quot;}\">\n\t\t\t\t\t<div class=\"e-con-inner\">\n\t\t\t\t\t<\/div>\n\t\t\t\t<\/div>\n\t\t<div class=\"elementor-element elementor-element-7216d14 e-con-full e-flex e-con e-parent\" data-id=\"7216d14\" data-element_type=\"container\">\n\t\t<div class=\"elementor-element elementor-element-aba0975 e-con-full e-flex e-con e-child\" data-id=\"aba0975\" data-element_type=\"container\" data-settings=\"{&quot;background_background&quot;:&quot;classic&quot;}\">\n\t\t<div class=\"elementor-element elementor-element-ffd426e e-con-full animated-slow e-flex e-con e-child\" data-id=\"ffd426e\" data-element_type=\"container\" data-settings=\"{&quot;background_background&quot;:&quot;classic&quot;,&quot;animation&quot;:&quot;none&quot;}\">\n\t\t\t\t<div class=\"elementor-element elementor-element-1170da8 elementor-widget elementor-widget-heading\" data-id=\"1170da8\" data-element_type=\"widget\" data-widget_type=\"heading.default\">\n\t\t\t\t\t<h1 class=\"elementor-heading-title elementor-size-default\">LA MASIA CAL PO<\/h1>\t\t\t\t<\/div>\n\t\t\t\t<div class=\"elementor-element elementor-element-7dd0f12 elementor-widget__width-initial elementor-widget elementor-widget-text-editor\" data-id=\"7dd0f12\" data-element_type=\"widget\" data-widget_type=\"text-editor.default\">\n\t\t\t\t\t\t\t\t\t<p>La Masia Cal Po \u00e9s una casa de pag\u00e8s encantadora als peus de Montserrat, a nom\u00e9s 500 metres de Collbat\u00f3. Un lloc tranquil i ple de llum, envoltat de natura, dissenyat perqu\u00e8 us relaxeu i gaudiu del temps en grup. Disposa d'espais interiors amplis, zones comunes per socialitzar i un espai exterior perfecte per aprofitar la masia: un jard\u00ed, una piscina i una zona de barbacoa. Aqu\u00ed, tot est\u00e0 preparat perqu\u00e8 arribeu, prengueu un respir profund\u2026 i us sentiu com a casa.<\/p>\t\t\t\t\t\t\t\t<\/div>\n\t\t\t\t<div class=\"elementor-element elementor-element-6ea7800 elementor-align-justify elementor-widget__width-initial elementor-widget-mobile__width-inherit elementor-widget elementor-widget-button\" data-id=\"6ea7800\" data-element_type=\"widget\" data-widget_type=\"button.default\">\n\t\t\t\t\t\t\t\t\t\t<a class=\"elementor-button elementor-size-sm\" role=\"button\">\n\t\t\t\t\t\t<span class=\"elementor-button-content-wrapper\">\n\t\t\t\t\t\t\t\t\t<span class=\"elementor-button-text\">Contacteu-nos<\/span>\n\t\t\t\t\t<\/span>\n\t\t\t\t\t<\/a>\n\t\t\t\t\t\t\t\t<\/div>\n\t\t\t\t<\/div>\n\t\t\t\t<\/div>\n\t\t<div class=\"elementor-element elementor-element-f4e40fc e-con-full e-flex e-con e-child\" data-id=\"f4e40fc\" data-element_type=\"container\" data-settings=\"{&quot;background_background&quot;:&quot;classic&quot;}\">\n\t\t\t\t<\/div>\n\t\t\t\t<\/div>\n\t\t<div class=\"elementor-element elementor-element-befb783 e-con-full e-flex e-con e-parent\" data-id=\"befb783\" data-element_type=\"container\">\n\t\t\t\t<div class=\"elementor-element elementor-element-6293813 elementor-widget elementor-widget-shortcode\" data-id=\"6293813\" data-element_type=\"widget\" data-widget_type=\"shortcode.default\">\n\t\t\t\t\t\t\t<div class=\"elementor-shortcode\"><\/div>\n\t\t\t\t\t\t<\/div>\n\t\t\t\t<\/div>\n\t\t\t\t<\/div>","protected":false},"excerpt":{"rendered":"<p>LA MASIA CAL PO Masia Cal Po es una casa rural con encanto a los pies de Montserrat, a solo 500 m de Collbat\u00f3. Un lugar tranquilo y luminoso, rodeado de naturaleza, pensado para desconectar y disfrutar en grupo. Cuenta con amplios espacios interiores, zonas comunes para compartir y un exterior ideal para vivir la [&hellip;]<\/p>\n","protected":false},"author":1,"featured_media":0,"parent":0,"menu_order":0,"comment_status":"closed","ping_status":"closed","template":"","meta":{"_acf_changed":false,"footnotes":""},"class_list":["post-84","page","type-page","status-publish","hentry"],"acf":[],"yoast_head":"<!-- This site is optimized with the Yoast SEO plugin v27.3 - https:\/\/yoast.com\/product\/yoast-seo-wordpress\/ -->\n<title>Ocio - Masia Cal Po<\/title>\n<meta name=\"description\" content=\"El mejor ocio en Montserrat est\u00e1 en Mas\u00eda Cal Po. Jardines, piscina propia y barbacoa para disfrutar con amigos o familia en un entorno natural privilegiado. \u00a1Ven a disfrutar!\" \/>\n<meta name=\"robots\" content=\"index, follow, max-snippet:-1, max-image-preview:large, max-video-preview:-1\" \/>\n<link rel=\"canonical\" href=\"https:\/\/masiacalpo.com\/ca\/ocio\/\" \/>\n<meta property=\"og:locale\" content=\"ca_ES\" \/>\n<meta property=\"og:type\" content=\"article\" \/>\n<meta property=\"og:title\" content=\"Ocio - Masia Cal Po\" \/>\n<meta property=\"og:description\" content=\"El mejor ocio en Montserrat est\u00e1 en Mas\u00eda Cal Po. Jardines, piscina propia y barbacoa para disfrutar con amigos o familia en un entorno natural privilegiado. \u00a1Ven a disfrutar!\" \/>\n<meta property=\"og:url\" content=\"https:\/\/masiacalpo.com\/ca\/ocio\/\" \/>\n<meta property=\"og:site_name\" content=\"Masia Cal Po\" \/>\n<meta property=\"article:modified_time\" content=\"2026-04-07T07:26:55+00:00\" \/>\n<meta name=\"twitter:card\" content=\"summary_large_image\" \/>\n<meta name=\"twitter:label1\" content=\"Temps estimat de lectura\" \/>\n\t<meta name=\"twitter:data1\" content=\"1 minut\" \/>\n<script type=\"application\/ld+json\" class=\"yoast-schema-graph\">{\"@context\":\"https:\\\/\\\/schema.org\",\"@graph\":[{\"@type\":\"WebPage\",\"@id\":\"https:\\\/\\\/masiacalpo.com\\\/ocio\\\/\",\"url\":\"https:\\\/\\\/masiacalpo.com\\\/ocio\\\/\",\"name\":\"Ocio - Masia Cal Po\",\"isPartOf\":{\"@id\":\"https:\\\/\\\/masiacalpo.com\\\/#website\"},\"datePublished\":\"2026-01-08T11:02:16+00:00\",\"dateModified\":\"2026-04-07T07:26:55+00:00\",\"description\":\"El mejor ocio en Montserrat est\u00e1 en Mas\u00eda Cal Po. Jardines, piscina propia y barbacoa para disfrutar con amigos o familia en un entorno natural privilegiado. \u00a1Ven a disfrutar!\",\"breadcrumb\":{\"@id\":\"https:\\\/\\\/masiacalpo.com\\\/ocio\\\/#breadcrumb\"},\"inLanguage\":\"ca\",\"potentialAction\":[{\"@type\":\"ReadAction\",\"target\":[\"https:\\\/\\\/masiacalpo.com\\\/ocio\\\/\"]}]},{\"@type\":\"BreadcrumbList\",\"@id\":\"https:\\\/\\\/masiacalpo.com\\\/ocio\\\/#breadcrumb\",\"itemListElement\":[{\"@type\":\"ListItem\",\"position\":1,\"name\":\"Portada\",\"item\":\"https:\\\/\\\/masiacalpo.com\\\/\"},{\"@type\":\"ListItem\",\"position\":2,\"name\":\"Ocio\"}]},{\"@type\":\"WebSite\",\"@id\":\"https:\\\/\\\/masiacalpo.com\\\/#website\",\"url\":\"https:\\\/\\\/masiacalpo.com\\\/\",\"name\":\"Masia Cal Po\",\"description\":\"Casa rural en Collbat\u00f3, a los pies de Montserrat. Un espacio tranquilo para desconectar, disfrutar de la naturaleza y vivir una estancia con encanto.\",\"publisher\":{\"@id\":\"https:\\\/\\\/masiacalpo.com\\\/#organization\"},\"potentialAction\":[{\"@type\":\"SearchAction\",\"target\":{\"@type\":\"EntryPoint\",\"urlTemplate\":\"https:\\\/\\\/masiacalpo.com\\\/?s={search_term_string}\"},\"query-input\":{\"@type\":\"PropertyValueSpecification\",\"valueRequired\":true,\"valueName\":\"search_term_string\"}}],\"inLanguage\":\"ca\"},{\"@type\":\"Organization\",\"@id\":\"https:\\\/\\\/masiacalpo.com\\\/#organization\",\"name\":\"Masia Cal Po\",\"url\":\"https:\\\/\\\/masiacalpo.com\\\/\",\"logo\":{\"@type\":\"ImageObject\",\"inLanguage\":\"ca\",\"@id\":\"https:\\\/\\\/masiacalpo.com\\\/#\\\/schema\\\/logo\\\/image\\\/\",\"url\":\"https:\\\/\\\/masiacalpo.com\\\/wp-content\\\/uploads\\\/2026\\\/01\\\/Cal-po-minimo-white-transp-1.png\",\"contentUrl\":\"https:\\\/\\\/masiacalpo.com\\\/wp-content\\\/uploads\\\/2026\\\/01\\\/Cal-po-minimo-white-transp-1.png\",\"width\":900,\"height\":319,\"caption\":\"Masia Cal Po\"},\"image\":{\"@id\":\"https:\\\/\\\/masiacalpo.com\\\/#\\\/schema\\\/logo\\\/image\\\/\"}}]}<\/script>\n<!-- \/ Yoast SEO plugin. -->","yoast_head_json":{"title":"Ocio - Masia Cal Po","description":"El mejor ocio en Montserrat est\u00e1 en Mas\u00eda Cal Po. Jardines, piscina propia y barbacoa para disfrutar con amigos o familia en un entorno natural privilegiado. \u00a1Ven a disfrutar!","robots":{"index":"index","follow":"follow","max-snippet":"max-snippet:-1","max-image-preview":"max-image-preview:large","max-video-preview":"max-video-preview:-1"},"canonical":"https:\/\/masiacalpo.com\/ca\/ocio\/","og_locale":"ca_ES","og_type":"article","og_title":"Ocio - Masia Cal Po","og_description":"El mejor ocio en Montserrat est\u00e1 en Mas\u00eda Cal Po. Jardines, piscina propia y barbacoa para disfrutar con amigos o familia en un entorno natural privilegiado. \u00a1Ven a disfrutar!","og_url":"https:\/\/masiacalpo.com\/ca\/ocio\/","og_site_name":"Masia Cal Po","article_modified_time":"2026-04-07T07:26:55+00:00","twitter_card":"summary_large_image","twitter_misc":{"Temps estimat de lectura":"1 minut"},"schema":{"@context":"https:\/\/schema.org","@graph":[{"@type":"WebPage","@id":"https:\/\/masiacalpo.com\/ocio\/","url":"https:\/\/masiacalpo.com\/ocio\/","name":"Ocio - Masia Cal Po","isPartOf":{"@id":"https:\/\/masiacalpo.com\/#website"},"datePublished":"2026-01-08T11:02:16+00:00","dateModified":"2026-04-07T07:26:55+00:00","description":"El mejor ocio en Montserrat est\u00e1 en Mas\u00eda Cal Po. Jardines, piscina propia y barbacoa para disfrutar con amigos o familia en un entorno natural privilegiado. \u00a1Ven a disfrutar!","breadcrumb":{"@id":"https:\/\/masiacalpo.com\/ocio\/#breadcrumb"},"inLanguage":"ca","potentialAction":[{"@type":"ReadAction","target":["https:\/\/masiacalpo.com\/ocio\/"]}]},{"@type":"BreadcrumbList","@id":"https:\/\/masiacalpo.com\/ocio\/#breadcrumb","itemListElement":[{"@type":"ListItem","position":1,"name":"Portada","item":"https:\/\/masiacalpo.com\/"},{"@type":"ListItem","position":2,"name":"Ocio"}]},{"@type":"WebSite","@id":"https:\/\/masiacalpo.com\/#website","url":"https:\/\/masiacalpo.com\/","name":"Cal Po Casa de pag\u00e8s","description":"Una casa de camp a Collbat\u00f3, als peus de Montserrat. Un refugi tranquil on podeu relaxar-vos, gaudir de la natura i viure una estada encantadora.","publisher":{"@id":"https:\/\/masiacalpo.com\/#organization"},"potentialAction":[{"@type":"SearchAction","target":{"@type":"EntryPoint","urlTemplate":"https:\/\/masiacalpo.com\/?s={search_term_string}"},"query-input":{"@type":"PropertyValueSpecification","valueRequired":true,"valueName":"search_term_string"}}],"inLanguage":"ca"},{"@type":"Organization","@id":"https:\/\/masiacalpo.com\/#organization","name":"Cal Po Casa de pag\u00e8s","url":"https:\/\/masiacalpo.com\/","logo":{"@type":"ImageObject","inLanguage":"ca","@id":"https:\/\/masiacalpo.com\/#\/schema\/logo\/image\/","url":"https:\/\/masiacalpo.com\/wp-content\/uploads\/2026\/01\/Cal-po-minimo-white-transp-1.png","contentUrl":"https:\/\/masiacalpo.com\/wp-content\/uploads\/2026\/01\/Cal-po-minimo-white-transp-1.png","width":900,"height":319,"caption":"Masia Cal Po"},"image":{"@id":"https:\/\/masiacalpo.com\/#\/schema\/logo\/image\/"}}]}},"_links":{"self":[{"href":"https:\/\/masiacalpo.com\/ca\/wp-json\/wp\/v2\/pages\/84","targetHints":{"allow":["GET"]}}],"collection":[{"href":"https:\/\/masiacalpo.com\/ca\/wp-json\/wp\/v2\/pages"}],"about":[{"href":"https:\/\/masiacalpo.com\/ca\/wp-json\/wp\/v2\/types\/page"}],"author":[{"embeddable":true,"href":"https:\/\/masiacalpo.com\/ca\/wp-json\/wp\/v2\/users\/1"}],"replies":[{"embeddable":true,"href":"https:\/\/masiacalpo.com\/ca\/wp-json\/wp\/v2\/comments?post=84"}],"version-history":[{"count":15,"href":"https:\/\/masiacalpo.com\/ca\/wp-json\/wp\/v2\/pages\/84\/revisions"}],"predecessor-version":[{"id":99,"href":"https:\/\/masiacalpo.com\/ca\/wp-json\/wp\/v2\/pages\/84\/revisions\/99"}],"wp:attachment":[{"href":"https:\/\/masiacalpo.com\/ca\/wp-json\/wp\/v2\/media?parent=84"}],"curies":[{"name":"wp","href":"https:\/\/api.w.org\/{rel}","templated":true}]}}