{"id":62,"date":"2026-01-08T10:23:05","date_gmt":"2026-01-08T10:23:05","guid":{"rendered":"https:\/\/masiacalpo.com\/?page_id=62"},"modified":"2026-04-07T09:27:07","modified_gmt":"2026-04-07T09:27:07","slug":"la-masia","status":"publish","type":"page","link":"https:\/\/masiacalpo.com\/ca\/la-masia\/","title":{"rendered":"La Masia"},"content":{"rendered":"<div data-elementor-type=\"wp-page\" data-elementor-id=\"62\" class=\"elementor elementor-62\" data-elementor-post-type=\"page\">\n\t\t\t\t<div class=\"elementor-element elementor-element-82c34f6 e-flex e-con-boxed e-con e-parent\" data-id=\"82c34f6\" data-element_type=\"container\" data-settings=\"{&quot;background_background&quot;:&quot;classic&quot;}\">\n\t\t\t\t\t<div class=\"e-con-inner\">\n\t\t\t\t\t<\/div>\n\t\t\t\t<\/div>\n\t\t<div class=\"elementor-element elementor-element-cc904a0 e-flex e-con-boxed e-con e-parent\" data-id=\"cc904a0\" data-element_type=\"container\" data-settings=\"{&quot;background_background&quot;:&quot;classic&quot;}\">\n\t\t\t\t\t<div class=\"e-con-inner\">\n\t\t<div class=\"elementor-element elementor-element-f216007 e-con-full e-flex e-con e-child\" data-id=\"f216007\" data-element_type=\"container\" data-settings=\"{&quot;background_background&quot;:&quot;classic&quot;}\">\n\t\t\t\t<div class=\"elementor-element elementor-element-e777857 elementor-widget__width-initial elementor-widget elementor-widget-heading\" data-id=\"e777857\" data-element_type=\"widget\" data-widget_type=\"heading.default\">\n\t\t\t\t\t<h1 class=\"elementor-heading-title elementor-size-default\"><br>Cal Po <\/h1>\t\t\t\t<\/div>\n\t\t\t\t<div class=\"elementor-element elementor-element-2d9196d elementor-widget__width-initial elementor-widget elementor-widget-heading\" data-id=\"2d9196d\" data-element_type=\"widget\" data-widget_type=\"heading.default\">\n\t\t\t\t\t<h2 class=\"elementor-heading-title elementor-size-default\"><br>Aqu\u00ed \u00e9s on tot va comen\u00e7ar.<\/h2>\t\t\t\t<\/div>\n\t\t\t\t<div class=\"elementor-element elementor-element-ffa6be2 elementor-widget elementor-widget-text-editor\" data-id=\"ffa6be2\" data-element_type=\"widget\" data-widget_type=\"text-editor.default\">\n\t\t\t\t\t\t\t\t\t<p>\u00a0<\/p><p>Alguns llocs no nom\u00e9s neixen.\u00a0<\/p><p>Hi ha llocs que estan plantats.\u00a0<\/p><p>Cal Po no comen\u00e7a amb una casa.\u00a0<\/p><p>Tot comen\u00e7a amb una llavor.<\/p><p>\u00a0<\/p>\t\t\t\t\t\t\t\t<\/div>\n\t\t\t\t<\/div>\n\t\t\t\t\t<\/div>\n\t\t\t\t<\/div>\n\t\t<div class=\"elementor-element elementor-element-b1be44d e-con-full e-flex e-con e-parent\" data-id=\"b1be44d\" data-element_type=\"container\">\n\t\t<div class=\"elementor-element elementor-element-646ce31 e-con-full e-flex e-con e-child\" data-id=\"646ce31\" data-element_type=\"container\" data-settings=\"{&quot;background_background&quot;:&quot;classic&quot;}\">\n\t\t<div class=\"elementor-element elementor-element-ff0be3d animated-slow e-flex e-con-boxed e-con e-child\" data-id=\"ff0be3d\" data-element_type=\"container\" data-settings=\"{&quot;background_background&quot;:&quot;classic&quot;,&quot;animation&quot;:&quot;none&quot;}\">\n\t\t\t\t\t<div class=\"e-con-inner\">\n\t\t\t\t<div class=\"elementor-element elementor-element-f65f454 elementor-widget__width-initial elementor-widget elementor-widget-text-editor\" data-id=\"f65f454\" data-element_type=\"widget\" data-widget_type=\"text-editor.default\">\n\t\t\t\t\t\t\t\t\t<p>El 1759, quan aquest terreny encara era verge, dues parts de la mateixa parcel\u00b7la van canviar de mans. Josep Jorba en va vendre la meitat. I els germans Caraf\u00ed (el gran i el petit) hi van veure alguna cosa m\u00e9s que un simple terreny per cultivar.<\/p><p>\u00a0<\/p><p>Van veure el lloc on podien arrel\u00b7lar-se. No nom\u00e9s plantar-se, sin\u00f3 arrel\u00b7lar-se. All\u00e0, al peu de Montserrat, no hi havia murs ni teulades.<\/p><p>Per\u00f2 hi havia una intu\u00efci\u00f3 silenciosa: la de quedar-se.<\/p><p>\u00a0<\/p><p>I quan alg\u00fa decideix quedar-se, la terra respon.<\/p><p>Igual que amb tot all\u00f2 que es planta amb cura.<\/p>\t\t\t\t\t\t\t\t<\/div>\n\t\t\t\t\t<\/div>\n\t\t\t\t<\/div>\n\t\t\t\t<\/div>\n\t\t<div class=\"elementor-element elementor-element-c486106 e-con-full e-flex e-con e-child\" data-id=\"c486106\" data-element_type=\"container\" data-settings=\"{&quot;background_background&quot;:&quot;classic&quot;}\">\n\t\t\t\t<\/div>\n\t\t\t\t<\/div>\n\t\t<div class=\"elementor-element elementor-element-c4ff91b e-con-full e-flex e-con e-parent\" data-id=\"c4ff91b\" data-element_type=\"container\">\n\t\t<div class=\"elementor-element elementor-element-324ec7e e-con-full e-flex e-con e-child\" data-id=\"324ec7e\" data-element_type=\"container\" data-settings=\"{&quot;background_background&quot;:&quot;classic&quot;}\">\n\t\t<div class=\"elementor-element elementor-element-92df35b animated-slow e-flex e-con-boxed e-con e-child\" data-id=\"92df35b\" data-element_type=\"container\" data-settings=\"{&quot;background_background&quot;:&quot;classic&quot;,&quot;animation&quot;:&quot;none&quot;}\">\n\t\t\t\t\t<div class=\"e-con-inner\">\n\t\t\t\t<div class=\"elementor-element elementor-element-d016a0b elementor-widget__width-initial elementor-widget elementor-widget-text-editor\" data-id=\"d016a0b\" data-element_type=\"widget\" data-widget_type=\"text-editor.default\">\n\t\t\t\t\t\t\t\t\t<p>Primer va venir la terra.<\/p><p>A continuaci\u00f3, les arrels.<\/p><p>I finalment, el registre.<\/p><p>Una masia constru\u00efda amb l'essencial: pedra, feina dura i temps. Sense presses, per\u00f2 amb cura. Com tot all\u00f2 que veritablement creix.<\/p><p>Cal Po (abreviatura de \u201cJosep\u00f3\u201d) no \u00e9s nom\u00e9s un nom. \u00c9s l'arbre que va comen\u00e7ar a cr\u00e9ixer quan alg\u00fa va decidir no marxar. Per\u00f2 cap arbre sobreviu simplement perqu\u00e8 un dia el van plantar.<\/p><p>Encara hi \u00e9s perqu\u00e8 alg\u00fa se n'ocupa.<\/p><p>Generaci\u00f3 rere generaci\u00f3, aquesta terra ha estat conreada. Igual que es poda, s'abona i es protegeix all\u00f2 que es vol veure cr\u00e9ixer.<\/p>\t\t\t\t\t\t\t\t<\/div>\n\t\t\t\t\t<\/div>\n\t\t\t\t<\/div>\n\t\t\t\t<\/div>\n\t\t<div class=\"elementor-element elementor-element-3754838 e-con-full e-flex e-con e-child\" data-id=\"3754838\" data-element_type=\"container\" data-settings=\"{&quot;background_background&quot;:&quot;classic&quot;}\">\n\t\t\t\t<\/div>\n\t\t\t\t<\/div>\n\t\t<div class=\"elementor-element elementor-element-4dadea0 e-con-full e-flex e-con e-parent\" data-id=\"4dadea0\" data-element_type=\"container\">\n\t\t<div class=\"elementor-element elementor-element-2346743 e-con-full e-flex e-con e-child\" data-id=\"2346743\" data-element_type=\"container\" data-settings=\"{&quot;background_background&quot;:&quot;classic&quot;}\">\n\t\t<div class=\"elementor-element elementor-element-d792b0f e-con-full animated-slow e-flex e-con e-child\" data-id=\"d792b0f\" data-element_type=\"container\" data-settings=\"{&quot;background_background&quot;:&quot;classic&quot;,&quot;animation&quot;:&quot;none&quot;}\">\n\t\t\t\t<div class=\"elementor-element elementor-element-5aefe20 elementor-widget__width-initial elementor-widget elementor-widget-text-editor\" data-id=\"5aefe20\" data-element_type=\"widget\" data-widget_type=\"text-editor.default\">\n\t\t\t\t\t\t\t\t\t<p>Camins que s'obren enmig del silenci. Decisions preses amb m\u00e9s cor que certesa. Dies llargs. Nits curtes.<\/p><p><br>Hi havia moments en qu\u00e8 hauria estat m\u00e9s f\u00e0cil simplement deixar-ho assecar. Quan el vent bufava fort.<br>Quan tot estava en tumult.<\/p><p><br><\/p>\n<p>Per\u00f2 no aqu\u00ed. Aqu\u00ed sempre hi ha hagut alg\u00fa que s'ha encarregat de les arrels.<br>Perqu\u00e8 Cal Po no \u00e9s quelcom que s'heredi.<br>\u00c9s un arbre que ha decidit continuar creixent.<\/p>\n<p>No es pot entendre simplement a partir del seu origen,<\/p><p><br>per\u00f2 cada vegada alg\u00fa s'ha tornat a posar davant seu i ha dit: \u00abContinuem\u00bb.<br>El temps ho canvia tot. Per\u00f2 all\u00f2 que t\u00e9 arrels profundes\u2026 perdura.<\/p>\t\t\t\t\t\t\t\t<\/div>\n\t\t\t\t<\/div>\n\t\t\t\t<\/div>\n\t\t<div class=\"elementor-element elementor-element-fae4e8e e-con-full e-flex e-con e-child\" data-id=\"fae4e8e\" data-element_type=\"container\" data-settings=\"{&quot;background_background&quot;:&quot;classic&quot;}\">\n\t\t\t\t<\/div>\n\t\t\t\t<\/div>\n\t\t<div class=\"elementor-element elementor-element-000479e e-con-full e-flex e-con e-parent\" data-id=\"000479e\" data-element_type=\"container\">\n\t\t<div class=\"elementor-element elementor-element-a49d38d e-con-full e-flex e-con e-child\" data-id=\"a49d38d\" data-element_type=\"container\" data-settings=\"{&quot;background_background&quot;:&quot;classic&quot;}\">\n\t\t<div class=\"elementor-element elementor-element-dd34db7 e-con-full animated-slow e-flex e-con e-child\" data-id=\"dd34db7\" data-element_type=\"container\" data-settings=\"{&quot;background_background&quot;:&quot;classic&quot;,&quot;animation&quot;:&quot;none&quot;}\">\n\t\t\t\t<div class=\"elementor-element elementor-element-9f7c715 elementor-widget__width-initial elementor-widget elementor-widget-text-editor\" data-id=\"9f7c715\" data-element_type=\"widget\" data-widget_type=\"text-editor.default\">\n\t\t\t\t\t\t\t\t\t<p>Amb el pas del temps, aquest paisatge ha continuat prenent forma. La masia ha estat cuidada, adaptada i mantinguda amb respecte. I, tanmateix, hi ha una cosa que no ha canviat: la seva ess\u00e8ncia.<\/p><p>\u00a0<\/p><p>Aqu\u00ed, la calma no \u00e9s quelcom que cerques. \u00c9s quelcom que trobes. Com l'ombra en un d'aquells dies calorosos d'estiu,<\/p><p>quan tot s'atura i l'\u00fanic que queda \u00e9s respirar.<\/p><p>I Montserrat\u2026 no \u00e9s nom\u00e9s un horitz\u00f3.<\/p><p>\u00c9s el paisatge que ha vist cr\u00e9ixer tot aix\u00f2.<\/p><p>\u00a0<\/p><p>Avui, Cal Po \u00e9s tot aix\u00f2.<\/p><p>Un lloc per aturar-se.<\/p><p>On reconnectar-se.<\/p><p>Un lloc per tornar a l'essencial.<\/p><p>No creix cap amunt; creix cap endins. S'obre.<\/p><p>Per a qui senti la necessitat. Per a qui necessiti una bocanada d'aire fresc. Per a qui busqui alguna cosa que no sempre pugui expressar amb paraules.<\/p>\t\t\t\t\t\t\t\t<\/div>\n\t\t\t\t<\/div>\n\t\t\t\t<\/div>\n\t\t<div class=\"elementor-element elementor-element-5a06292 e-con-full e-flex e-con e-child\" data-id=\"5a06292\" data-element_type=\"container\" data-settings=\"{&quot;background_background&quot;:&quot;classic&quot;}\">\n\t\t\t\t<\/div>\n\t\t\t\t<\/div>\n\t\t<div class=\"elementor-element elementor-element-390445b e-con-full e-flex e-con e-parent\" data-id=\"390445b\" data-element_type=\"container\">\n\t\t<div class=\"elementor-element elementor-element-6b59b24 e-con-full e-flex e-con e-child\" data-id=\"6b59b24\" data-element_type=\"container\" data-settings=\"{&quot;background_background&quot;:&quot;classic&quot;}\">\n\t\t<div class=\"elementor-element elementor-element-0116e85 e-con-full animated-slow e-flex e-con e-child\" data-id=\"0116e85\" data-element_type=\"container\" data-settings=\"{&quot;background_background&quot;:&quot;classic&quot;,&quot;animation&quot;:&quot;none&quot;}\">\n\t\t\t\t<div class=\"elementor-element elementor-element-37c05f6 elementor-widget__width-initial elementor-widget elementor-widget-text-editor\" data-id=\"37c05f6\" data-element_type=\"widget\" data-widget_type=\"text-editor.default\">\n\t\t\t\t\t\t\t\t\t<p>S'obre per compartir.<\/p><p>Per donar la benvinguda.<\/p><p>Perqu\u00e8 altres tamb\u00e9 puguin experimentar all\u00f2 que s'ha anat construint silenciosament aqu\u00ed al llarg de generacions:<\/p><p>coneixement, veritat i arrels.<\/p><p>\u00a0<\/p><p>Cal Po no \u00e9s nom\u00e9s una casa de pag\u00e8s bonica. \u00c9s un lloc amb \u00e0nima. Un lloc que ha resistit el pas del temps sense perdre el seu esperit,<\/p><p>i que continua oferint all\u00f2 que realment importa avui dia.<\/p><p>\u00a0<\/p><p>I si hi ha una cosa que perdura despr\u00e9s de tot aix\u00f2, \u00e9s aquesta:<\/p><p>Cal Po no pertany \u00fanicament a la persona que la va fundar. Pertany a tothom qui hi arriba\u2026 i s'hi veu reflectit.<\/p><p>\u00a0<\/p>\t\t\t\t\t\t\t\t<\/div>\n\t\t\t\t<\/div>\n\t\t\t\t<\/div>\n\t\t<div class=\"elementor-element elementor-element-94227b5 e-con-full e-flex e-con e-child\" data-id=\"94227b5\" data-element_type=\"container\" data-settings=\"{&quot;background_background&quot;:&quot;classic&quot;}\">\n\t\t\t\t<\/div>\n\t\t\t\t<\/div>\n\t\t<footer class=\"elementor-element elementor-element-325e510 e-con-full e-flex e-con e-parent\" data-id=\"325e510\" data-element_type=\"container\">\n\t\t\t\t<div class=\"elementor-element elementor-element-d110c2e elementor-widget__width-auto e-transform elementor-widget elementor-widget-image\" data-id=\"d110c2e\" data-element_type=\"widget\" data-settings=\"{&quot;_transform_scale_effect&quot;:{&quot;unit&quot;:&quot;px&quot;,&quot;size&quot;:1.4,&quot;sizes&quot;:[]},&quot;_transform_scale_effect_mobile&quot;:{&quot;unit&quot;:&quot;px&quot;,&quot;size&quot;:1.5,&quot;sizes&quot;:[]},&quot;_transform_scale_effect_tablet&quot;:{&quot;unit&quot;:&quot;px&quot;,&quot;size&quot;:&quot;&quot;,&quot;sizes&quot;:[]}}\" data-widget_type=\"image.default\">\n\t\t\t\t\t\t\t\t\t\t\t\t\t\t\t<img fetchpriority=\"high\" decoding=\"async\" width=\"1086\" height=\"396\" src=\"https:\/\/masiacalpo.com\/wp-content\/uploads\/2026\/04\/IMG_5995.jpg\" class=\"attachment-full size-full wp-image-794\" alt=\"\" srcset=\"https:\/\/masiacalpo.com\/wp-content\/uploads\/2026\/04\/IMG_5995.jpg 1086w, https:\/\/masiacalpo.com\/wp-content\/uploads\/2026\/04\/IMG_5995-300x109.jpg 300w, https:\/\/masiacalpo.com\/wp-content\/uploads\/2026\/04\/IMG_5995-1024x373.jpg 1024w, https:\/\/masiacalpo.com\/wp-content\/uploads\/2026\/04\/IMG_5995-768x280.jpg 768w, https:\/\/masiacalpo.com\/wp-content\/uploads\/2026\/04\/IMG_5995-18x7.jpg 18w\" sizes=\"(max-width: 1086px) 100vw, 1086px\" \/>\t\t\t\t\t\t\t\t\t\t\t\t\t\t\t<\/div>\n\t\t\t\t<\/footer>\n\t\t\t\t<\/div>","protected":false},"excerpt":{"rendered":"<p>Cal Po Aqui empez\u00f3 todo. \u00a0 Hay lugares que no nacen.\u00a0 Hay lugares que se plantan.\u00a0 Cal Po no empieza con una casa.\u00a0 Empieza con una semilla. \u00a0 En el a\u00f1o 1759, cuando esta tierra a\u00fan no ten\u00eda forma, dos partes de un mismo terreno cambiaron de manos. Josep Jorba vendi\u00f3 una mitad. Y los [&hellip;]<\/p>\n","protected":false},"author":1,"featured_media":0,"parent":0,"menu_order":0,"comment_status":"closed","ping_status":"closed","template":"elementor_theme","meta":{"_acf_changed":false,"footnotes":""},"class_list":["post-62","page","type-page","status-publish","hentry"],"acf":[],"yoast_head":"<!-- This site is optimized with the Yoast SEO plugin v27.3 - https:\/\/yoast.com\/product\/yoast-seo-wordpress\/ -->\n<title>La Masia - Masia Cal Po<\/title>\n<meta name=\"description\" content=\"Descubre la esencia de Cal Po, una mas\u00eda hist\u00f3rica a los pies de Montserrat. Un lugar con ra\u00edz para reconectar, celebrar y volver a lo esencial. \u00a1Vis\u00edtanos!\" \/>\n<meta name=\"robots\" content=\"index, follow, max-snippet:-1, max-image-preview:large, max-video-preview:-1\" \/>\n<link rel=\"canonical\" href=\"https:\/\/masiacalpo.com\/ca\/la-masia\/\" \/>\n<meta property=\"og:locale\" content=\"ca_ES\" \/>\n<meta property=\"og:type\" content=\"article\" \/>\n<meta property=\"og:title\" content=\"La Masia - Masia Cal Po\" \/>\n<meta property=\"og:description\" content=\"Descubre la esencia de Cal Po, una mas\u00eda hist\u00f3rica a los pies de Montserrat. Un lugar con ra\u00edz para reconectar, celebrar y volver a lo esencial. \u00a1Vis\u00edtanos!\" \/>\n<meta property=\"og:url\" content=\"https:\/\/masiacalpo.com\/ca\/la-masia\/\" \/>\n<meta property=\"og:site_name\" content=\"Masia Cal Po\" \/>\n<meta property=\"article:modified_time\" content=\"2026-04-07T09:27:07+00:00\" \/>\n<meta property=\"og:image\" content=\"https:\/\/masiacalpo.com\/wp-content\/uploads\/2026\/04\/IMG_5995.jpg\" \/>\n\t<meta property=\"og:image:width\" content=\"1086\" \/>\n\t<meta property=\"og:image:height\" content=\"396\" \/>\n\t<meta property=\"og:image:type\" content=\"image\/jpeg\" \/>\n<meta name=\"twitter:card\" content=\"summary_large_image\" \/>\n<meta name=\"twitter:label1\" content=\"Temps estimat de lectura\" \/>\n\t<meta name=\"twitter:data1\" content=\"3 minuts\" \/>\n<script type=\"application\/ld+json\" class=\"yoast-schema-graph\">{\"@context\":\"https:\\\/\\\/schema.org\",\"@graph\":[{\"@type\":\"WebPage\",\"@id\":\"https:\\\/\\\/masiacalpo.com\\\/la-masia\\\/\",\"url\":\"https:\\\/\\\/masiacalpo.com\\\/la-masia\\\/\",\"name\":\"La Masia - Masia Cal Po\",\"isPartOf\":{\"@id\":\"https:\\\/\\\/masiacalpo.com\\\/#website\"},\"primaryImageOfPage\":{\"@id\":\"https:\\\/\\\/masiacalpo.com\\\/la-masia\\\/#primaryimage\"},\"image\":{\"@id\":\"https:\\\/\\\/masiacalpo.com\\\/la-masia\\\/#primaryimage\"},\"thumbnailUrl\":\"https:\\\/\\\/masiacalpo.com\\\/wp-content\\\/uploads\\\/2026\\\/04\\\/IMG_5995.jpg\",\"datePublished\":\"2026-01-08T10:23:05+00:00\",\"dateModified\":\"2026-04-07T09:27:07+00:00\",\"description\":\"Descubre la esencia de Cal Po, una mas\u00eda hist\u00f3rica a los pies de Montserrat. Un lugar con ra\u00edz para reconectar, celebrar y volver a lo esencial. \u00a1Vis\u00edtanos!\",\"breadcrumb\":{\"@id\":\"https:\\\/\\\/masiacalpo.com\\\/la-masia\\\/#breadcrumb\"},\"inLanguage\":\"ca\",\"potentialAction\":[{\"@type\":\"ReadAction\",\"target\":[\"https:\\\/\\\/masiacalpo.com\\\/la-masia\\\/\"]}]},{\"@type\":\"ImageObject\",\"inLanguage\":\"ca\",\"@id\":\"https:\\\/\\\/masiacalpo.com\\\/la-masia\\\/#primaryimage\",\"url\":\"https:\\\/\\\/masiacalpo.com\\\/wp-content\\\/uploads\\\/2026\\\/04\\\/IMG_5995.jpg\",\"contentUrl\":\"https:\\\/\\\/masiacalpo.com\\\/wp-content\\\/uploads\\\/2026\\\/04\\\/IMG_5995.jpg\"},{\"@type\":\"BreadcrumbList\",\"@id\":\"https:\\\/\\\/masiacalpo.com\\\/la-masia\\\/#breadcrumb\",\"itemListElement\":[{\"@type\":\"ListItem\",\"position\":1,\"name\":\"Portada\",\"item\":\"https:\\\/\\\/masiacalpo.com\\\/\"},{\"@type\":\"ListItem\",\"position\":2,\"name\":\"La Masia\"}]},{\"@type\":\"WebSite\",\"@id\":\"https:\\\/\\\/masiacalpo.com\\\/#website\",\"url\":\"https:\\\/\\\/masiacalpo.com\\\/\",\"name\":\"Masia Cal Po\",\"description\":\"Casa rural en Collbat\u00f3, a los pies de Montserrat. Un espacio tranquilo para desconectar, disfrutar de la naturaleza y vivir una estancia con encanto.\",\"publisher\":{\"@id\":\"https:\\\/\\\/masiacalpo.com\\\/#organization\"},\"potentialAction\":[{\"@type\":\"SearchAction\",\"target\":{\"@type\":\"EntryPoint\",\"urlTemplate\":\"https:\\\/\\\/masiacalpo.com\\\/?s={search_term_string}\"},\"query-input\":{\"@type\":\"PropertyValueSpecification\",\"valueRequired\":true,\"valueName\":\"search_term_string\"}}],\"inLanguage\":\"ca\"},{\"@type\":\"Organization\",\"@id\":\"https:\\\/\\\/masiacalpo.com\\\/#organization\",\"name\":\"Masia Cal Po\",\"url\":\"https:\\\/\\\/masiacalpo.com\\\/\",\"logo\":{\"@type\":\"ImageObject\",\"inLanguage\":\"ca\",\"@id\":\"https:\\\/\\\/masiacalpo.com\\\/#\\\/schema\\\/logo\\\/image\\\/\",\"url\":\"https:\\\/\\\/masiacalpo.com\\\/wp-content\\\/uploads\\\/2026\\\/01\\\/Cal-po-minimo-white-transp-1.png\",\"contentUrl\":\"https:\\\/\\\/masiacalpo.com\\\/wp-content\\\/uploads\\\/2026\\\/01\\\/Cal-po-minimo-white-transp-1.png\",\"width\":900,\"height\":319,\"caption\":\"Masia Cal Po\"},\"image\":{\"@id\":\"https:\\\/\\\/masiacalpo.com\\\/#\\\/schema\\\/logo\\\/image\\\/\"}}]}<\/script>\n<!-- \/ Yoast SEO plugin. -->","yoast_head_json":{"title":"La Masia - Masia Cal Po","description":"Descubre la esencia de Cal Po, una mas\u00eda hist\u00f3rica a los pies de Montserrat. Un lugar con ra\u00edz para reconectar, celebrar y volver a lo esencial. \u00a1Vis\u00edtanos!","robots":{"index":"index","follow":"follow","max-snippet":"max-snippet:-1","max-image-preview":"max-image-preview:large","max-video-preview":"max-video-preview:-1"},"canonical":"https:\/\/masiacalpo.com\/ca\/la-masia\/","og_locale":"ca_ES","og_type":"article","og_title":"La Masia - Masia Cal Po","og_description":"Descubre la esencia de Cal Po, una mas\u00eda hist\u00f3rica a los pies de Montserrat. Un lugar con ra\u00edz para reconectar, celebrar y volver a lo esencial. \u00a1Vis\u00edtanos!","og_url":"https:\/\/masiacalpo.com\/ca\/la-masia\/","og_site_name":"Masia Cal Po","article_modified_time":"2026-04-07T09:27:07+00:00","og_image":[{"width":1086,"height":396,"url":"https:\/\/masiacalpo.com\/wp-content\/uploads\/2026\/04\/IMG_5995.jpg","type":"image\/jpeg"}],"twitter_card":"summary_large_image","twitter_misc":{"Temps estimat de lectura":"3 minuts"},"schema":{"@context":"https:\/\/schema.org","@graph":[{"@type":"WebPage","@id":"https:\/\/masiacalpo.com\/la-masia\/","url":"https:\/\/masiacalpo.com\/la-masia\/","name":"La Masia - Masia Cal Po","isPartOf":{"@id":"https:\/\/masiacalpo.com\/#website"},"primaryImageOfPage":{"@id":"https:\/\/masiacalpo.com\/la-masia\/#primaryimage"},"image":{"@id":"https:\/\/masiacalpo.com\/la-masia\/#primaryimage"},"thumbnailUrl":"https:\/\/masiacalpo.com\/wp-content\/uploads\/2026\/04\/IMG_5995.jpg","datePublished":"2026-01-08T10:23:05+00:00","dateModified":"2026-04-07T09:27:07+00:00","description":"Descubre la esencia de Cal Po, una mas\u00eda hist\u00f3rica a los pies de Montserrat. Un lugar con ra\u00edz para reconectar, celebrar y volver a lo esencial. \u00a1Vis\u00edtanos!","breadcrumb":{"@id":"https:\/\/masiacalpo.com\/la-masia\/#breadcrumb"},"inLanguage":"ca","potentialAction":[{"@type":"ReadAction","target":["https:\/\/masiacalpo.com\/la-masia\/"]}]},{"@type":"ImageObject","inLanguage":"ca","@id":"https:\/\/masiacalpo.com\/la-masia\/#primaryimage","url":"https:\/\/masiacalpo.com\/wp-content\/uploads\/2026\/04\/IMG_5995.jpg","contentUrl":"https:\/\/masiacalpo.com\/wp-content\/uploads\/2026\/04\/IMG_5995.jpg"},{"@type":"BreadcrumbList","@id":"https:\/\/masiacalpo.com\/la-masia\/#breadcrumb","itemListElement":[{"@type":"ListItem","position":1,"name":"Portada","item":"https:\/\/masiacalpo.com\/"},{"@type":"ListItem","position":2,"name":"La Masia"}]},{"@type":"WebSite","@id":"https:\/\/masiacalpo.com\/#website","url":"https:\/\/masiacalpo.com\/","name":"Masia Cal Po","description":"Casa rural en Collbat\u00f3, a los pies de Montserrat. Un espacio tranquilo para desconectar, disfrutar de la naturaleza y vivir una estancia con encanto.","publisher":{"@id":"https:\/\/masiacalpo.com\/#organization"},"potentialAction":[{"@type":"SearchAction","target":{"@type":"EntryPoint","urlTemplate":"https:\/\/masiacalpo.com\/?s={search_term_string}"},"query-input":{"@type":"PropertyValueSpecification","valueRequired":true,"valueName":"search_term_string"}}],"inLanguage":"ca"},{"@type":"Organization","@id":"https:\/\/masiacalpo.com\/#organization","name":"Masia Cal Po","url":"https:\/\/masiacalpo.com\/","logo":{"@type":"ImageObject","inLanguage":"ca","@id":"https:\/\/masiacalpo.com\/#\/schema\/logo\/image\/","url":"https:\/\/masiacalpo.com\/wp-content\/uploads\/2026\/01\/Cal-po-minimo-white-transp-1.png","contentUrl":"https:\/\/masiacalpo.com\/wp-content\/uploads\/2026\/01\/Cal-po-minimo-white-transp-1.png","width":900,"height":319,"caption":"Masia Cal Po"},"image":{"@id":"https:\/\/masiacalpo.com\/#\/schema\/logo\/image\/"}}]}},"_links":{"self":[{"href":"https:\/\/masiacalpo.com\/ca\/wp-json\/wp\/v2\/pages\/62","targetHints":{"allow":["GET"]}}],"collection":[{"href":"https:\/\/masiacalpo.com\/ca\/wp-json\/wp\/v2\/pages"}],"about":[{"href":"https:\/\/masiacalpo.com\/ca\/wp-json\/wp\/v2\/types\/page"}],"author":[{"embeddable":true,"href":"https:\/\/masiacalpo.com\/ca\/wp-json\/wp\/v2\/users\/1"}],"replies":[{"embeddable":true,"href":"https:\/\/masiacalpo.com\/ca\/wp-json\/wp\/v2\/comments?post=62"}],"version-history":[{"count":134,"href":"https:\/\/masiacalpo.com\/ca\/wp-json\/wp\/v2\/pages\/62\/revisions"}],"predecessor-version":[{"id":921,"href":"https:\/\/masiacalpo.com\/ca\/wp-json\/wp\/v2\/pages\/62\/revisions\/921"}],"wp:attachment":[{"href":"https:\/\/masiacalpo.com\/ca\/wp-json\/wp\/v2\/media?parent=62"}],"curies":[{"name":"wp","href":"https:\/\/api.w.org\/{rel}","templated":true}]}}