{"id":2,"date":"2025-11-26T11:11:35","date_gmt":"2025-11-26T11:11:35","guid":{"rendered":"https:\/\/masiacalpo.com\/?page_id=2"},"modified":"2025-11-26T11:11:35","modified_gmt":"2025-11-26T11:11:35","slug":"sample-page","status":"publish","type":"page","link":"https:\/\/masiacalpo.com\/ca\/sample-page\/","title":{"rendered":"P\u00e0gina de mostra"},"content":{"rendered":"<p>Aquesta \u00e9s una p\u00e0gina d'exemple. Es diferencia d'una entrada de bloc en qu\u00e8 roman en una ubicaci\u00f3 fixa i apareix al men\u00fa de navegaci\u00f3 del vostre lloc (en la majoria de temes). La majoria de la gent comen\u00e7a amb una p\u00e0gina \u00abSobre mi\u00bb per presentar-se als visitants potencials. Podria dir alguna cosa com aquesta:<\/p>\n\n\n\n<blockquote class=\"wp-block-quote is-layout-flow wp-block-quote-is-layout-flow\"><p>Hola! De dia s\u00f3c missatger en bicicleta, de nit un aspirant a actor, i aquest \u00e9s el meu lloc web. Visc a Los Angeles, tinc un gos encantador que es diu Jack, i m'encanten les pi\u00f1a colades. (I que em sorprengui la pluja.)<\/p><\/blockquote>\n\n\n\n<p>\u2026o alguna cosa aix\u00ed:<\/p>\n\n\n\n<blockquote class=\"wp-block-quote is-layout-flow wp-block-quote-is-layout-flow\"><p>La companyia XYZ Doohickey es va fundar el 1971 i des de llavors subministra doohickeys d'alta qualitat al p\u00fablic. Amb seu a Gotham City, XYZ d\u00f3na feina a m\u00e9s de 2.000 persones i fa tota mena de coses brillants per a la comunitat de Gotham.<\/p><\/blockquote>\n\n\n\n<p>Com a nou usuari de WordPress, haur\u00edeu d'anar a <a href=\"https:\/\/masiacalpo.com\/wp-admin\/\">El teu tauler de control<\/a> Si us plau, elimineu aquesta p\u00e0gina i creeu p\u00e0gines noves per al vostre contingut. Divertiu-vos!<\/p>","protected":false},"excerpt":{"rendered":"<p>This is an example page. It&#8217;s different from a blog post because it will stay in one place and will show up in your site navigation (in most themes). Most people start with an About page that introduces them to potential site visitors. It might say something like this: Hi there! I&#8217;m a bike messenger [&hellip;]<\/p>\n","protected":false},"author":1,"featured_media":0,"parent":0,"menu_order":0,"comment_status":"closed","ping_status":"open","template":"","meta":{"_acf_changed":false,"footnotes":""},"class_list":["post-2","page","type-page","status-publish","hentry"],"acf":[],"yoast_head":"<!-- This site is optimized with the Yoast SEO plugin v27.3 - https:\/\/yoast.com\/product\/yoast-seo-wordpress\/ -->\n<title>Sample Page - Masia Cal Po<\/title>\n<meta name=\"robots\" content=\"index, follow, max-snippet:-1, max-image-preview:large, max-video-preview:-1\" \/>\n<link rel=\"canonical\" href=\"https:\/\/masiacalpo.com\/ca\/sample-page\/\" \/>\n<meta property=\"og:locale\" content=\"ca_ES\" \/>\n<meta property=\"og:type\" content=\"article\" \/>\n<meta property=\"og:title\" content=\"Sample Page - Masia Cal Po\" \/>\n<meta property=\"og:description\" content=\"This is an example page. It&#8217;s different from a blog post because it will stay in one place and will show up in your site navigation (in most themes). Most people start with an About page that introduces them to potential site visitors. It might say something like this: Hi there! I&#8217;m a bike messenger [&hellip;]\" \/>\n<meta property=\"og:url\" content=\"https:\/\/masiacalpo.com\/ca\/sample-page\/\" \/>\n<meta property=\"og:site_name\" content=\"Masia Cal Po\" \/>\n<meta name=\"twitter:card\" content=\"summary_large_image\" \/>\n<meta name=\"twitter:label1\" content=\"Temps estimat de lectura\" \/>\n\t<meta name=\"twitter:data1\" content=\"1 minut\" \/>\n<script type=\"application\/ld+json\" class=\"yoast-schema-graph\">{\"@context\":\"https:\\\/\\\/schema.org\",\"@graph\":[{\"@type\":\"WebPage\",\"@id\":\"https:\\\/\\\/masiacalpo.com\\\/sample-page\\\/\",\"url\":\"https:\\\/\\\/masiacalpo.com\\\/sample-page\\\/\",\"name\":\"Sample Page - Masia Cal Po\",\"isPartOf\":{\"@id\":\"https:\\\/\\\/masiacalpo.com\\\/#website\"},\"datePublished\":\"2025-11-26T11:11:35+00:00\",\"breadcrumb\":{\"@id\":\"https:\\\/\\\/masiacalpo.com\\\/sample-page\\\/#breadcrumb\"},\"inLanguage\":\"ca\",\"potentialAction\":[{\"@type\":\"ReadAction\",\"target\":[\"https:\\\/\\\/masiacalpo.com\\\/sample-page\\\/\"]}]},{\"@type\":\"BreadcrumbList\",\"@id\":\"https:\\\/\\\/masiacalpo.com\\\/sample-page\\\/#breadcrumb\",\"itemListElement\":[{\"@type\":\"ListItem\",\"position\":1,\"name\":\"Portada\",\"item\":\"https:\\\/\\\/masiacalpo.com\\\/\"},{\"@type\":\"ListItem\",\"position\":2,\"name\":\"Sample Page\"}]},{\"@type\":\"WebSite\",\"@id\":\"https:\\\/\\\/masiacalpo.com\\\/#website\",\"url\":\"https:\\\/\\\/masiacalpo.com\\\/\",\"name\":\"Masia Cal Po\",\"description\":\"Casa rural en Collbat\u00f3, a los pies de Montserrat. Un espacio tranquilo para desconectar, disfrutar de la naturaleza y vivir una estancia con encanto.\",\"publisher\":{\"@id\":\"https:\\\/\\\/masiacalpo.com\\\/#organization\"},\"potentialAction\":[{\"@type\":\"SearchAction\",\"target\":{\"@type\":\"EntryPoint\",\"urlTemplate\":\"https:\\\/\\\/masiacalpo.com\\\/?s={search_term_string}\"},\"query-input\":{\"@type\":\"PropertyValueSpecification\",\"valueRequired\":true,\"valueName\":\"search_term_string\"}}],\"inLanguage\":\"ca\"},{\"@type\":\"Organization\",\"@id\":\"https:\\\/\\\/masiacalpo.com\\\/#organization\",\"name\":\"Masia Cal Po\",\"url\":\"https:\\\/\\\/masiacalpo.com\\\/\",\"logo\":{\"@type\":\"ImageObject\",\"inLanguage\":\"ca\",\"@id\":\"https:\\\/\\\/masiacalpo.com\\\/#\\\/schema\\\/logo\\\/image\\\/\",\"url\":\"https:\\\/\\\/masiacalpo.com\\\/wp-content\\\/uploads\\\/2026\\\/01\\\/Cal-po-minimo-white-transp-1.png\",\"contentUrl\":\"https:\\\/\\\/masiacalpo.com\\\/wp-content\\\/uploads\\\/2026\\\/01\\\/Cal-po-minimo-white-transp-1.png\",\"width\":900,\"height\":319,\"caption\":\"Masia Cal Po\"},\"image\":{\"@id\":\"https:\\\/\\\/masiacalpo.com\\\/#\\\/schema\\\/logo\\\/image\\\/\"}}]}<\/script>\n<!-- \/ Yoast SEO plugin. -->","yoast_head_json":{"title":"Sample Page - Masia Cal Po","robots":{"index":"index","follow":"follow","max-snippet":"max-snippet:-1","max-image-preview":"max-image-preview:large","max-video-preview":"max-video-preview:-1"},"canonical":"https:\/\/masiacalpo.com\/ca\/sample-page\/","og_locale":"ca_ES","og_type":"article","og_title":"Sample Page - Masia Cal Po","og_description":"This is an example page. It&#8217;s different from a blog post because it will stay in one place and will show up in your site navigation (in most themes). Most people start with an About page that introduces them to potential site visitors. It might say something like this: Hi there! I&#8217;m a bike messenger [&hellip;]","og_url":"https:\/\/masiacalpo.com\/ca\/sample-page\/","og_site_name":"Masia Cal Po","twitter_card":"summary_large_image","twitter_misc":{"Temps estimat de lectura":"1 minut"},"schema":{"@context":"https:\/\/schema.org","@graph":[{"@type":"WebPage","@id":"https:\/\/masiacalpo.com\/sample-page\/","url":"https:\/\/masiacalpo.com\/sample-page\/","name":"Sample Page - Masia Cal Po","isPartOf":{"@id":"https:\/\/masiacalpo.com\/#website"},"datePublished":"2025-11-26T11:11:35+00:00","breadcrumb":{"@id":"https:\/\/masiacalpo.com\/sample-page\/#breadcrumb"},"inLanguage":"ca","potentialAction":[{"@type":"ReadAction","target":["https:\/\/masiacalpo.com\/sample-page\/"]}]},{"@type":"BreadcrumbList","@id":"https:\/\/masiacalpo.com\/sample-page\/#breadcrumb","itemListElement":[{"@type":"ListItem","position":1,"name":"Portada","item":"https:\/\/masiacalpo.com\/"},{"@type":"ListItem","position":2,"name":"Sample Page"}]},{"@type":"WebSite","@id":"https:\/\/masiacalpo.com\/#website","url":"https:\/\/masiacalpo.com\/","name":"Cal Po Casa de pag\u00e8s","description":"Una casa de camp a Collbat\u00f3, als peus de Montserrat. Un refugi tranquil on podeu relaxar-vos, gaudir de la natura i viure una estada encantadora.","publisher":{"@id":"https:\/\/masiacalpo.com\/#organization"},"potentialAction":[{"@type":"SearchAction","target":{"@type":"EntryPoint","urlTemplate":"https:\/\/masiacalpo.com\/?s={search_term_string}"},"query-input":{"@type":"PropertyValueSpecification","valueRequired":true,"valueName":"search_term_string"}}],"inLanguage":"ca"},{"@type":"Organization","@id":"https:\/\/masiacalpo.com\/#organization","name":"Cal Po Casa de pag\u00e8s","url":"https:\/\/masiacalpo.com\/","logo":{"@type":"ImageObject","inLanguage":"ca","@id":"https:\/\/masiacalpo.com\/#\/schema\/logo\/image\/","url":"https:\/\/masiacalpo.com\/wp-content\/uploads\/2026\/01\/Cal-po-minimo-white-transp-1.png","contentUrl":"https:\/\/masiacalpo.com\/wp-content\/uploads\/2026\/01\/Cal-po-minimo-white-transp-1.png","width":900,"height":319,"caption":"Masia Cal Po"},"image":{"@id":"https:\/\/masiacalpo.com\/#\/schema\/logo\/image\/"}}]}},"_links":{"self":[{"href":"https:\/\/masiacalpo.com\/ca\/wp-json\/wp\/v2\/pages\/2","targetHints":{"allow":["GET"]}}],"collection":[{"href":"https:\/\/masiacalpo.com\/ca\/wp-json\/wp\/v2\/pages"}],"about":[{"href":"https:\/\/masiacalpo.com\/ca\/wp-json\/wp\/v2\/types\/page"}],"author":[{"embeddable":true,"href":"https:\/\/masiacalpo.com\/ca\/wp-json\/wp\/v2\/users\/1"}],"replies":[{"embeddable":true,"href":"https:\/\/masiacalpo.com\/ca\/wp-json\/wp\/v2\/comments?post=2"}],"version-history":[{"count":0,"href":"https:\/\/masiacalpo.com\/ca\/wp-json\/wp\/v2\/pages\/2\/revisions"}],"wp:attachment":[{"href":"https:\/\/masiacalpo.com\/ca\/wp-json\/wp\/v2\/media?parent=2"}],"curies":[{"name":"wp","href":"https:\/\/api.w.org\/{rel}","templated":true}]}}