{"id":131,"date":"2026-01-14T09:15:03","date_gmt":"2026-01-14T09:15:03","guid":{"rendered":"https:\/\/masiacalpo.com\/?page_id=131"},"modified":"2026-04-07T07:23:39","modified_gmt":"2026-04-07T07:23:39","slug":"entorno","status":"publish","type":"page","link":"https:\/\/masiacalpo.com\/ca\/entorno\/","title":{"rendered":"Medio ambient"},"content":{"rendered":"\t\t<div data-elementor-type=\"wp-page\" data-elementor-id=\"131\" class=\"elementor elementor-131\" data-elementor-post-type=\"page\">\n\t\t\t\t<div class=\"elementor-element elementor-element-2592833 e-flex e-con-boxed e-con e-parent\" data-id=\"2592833\" data-element_type=\"container\" data-settings=\"{&quot;background_background&quot;:&quot;slideshow&quot;,&quot;background_slideshow_gallery&quot;:[{&quot;id&quot;:289,&quot;url&quot;:&quot;https:\\\/\\\/masiacalpo.com\\\/wp-content\\\/uploads\\\/2026\\\/03\\\/DJI_0047_resultado-scaled.webp&quot;},{&quot;id&quot;:290,&quot;url&quot;:&quot;https:\\\/\\\/masiacalpo.com\\\/wp-content\\\/uploads\\\/2026\\\/03\\\/DJI_0052_resultado-scaled.webp&quot;},{&quot;id&quot;:291,&quot;url&quot;:&quot;https:\\\/\\\/masiacalpo.com\\\/wp-content\\\/uploads\\\/2026\\\/03\\\/DSC02626_resultado-scaled.webp&quot;},{&quot;id&quot;:292,&quot;url&quot;:&quot;https:\\\/\\\/masiacalpo.com\\\/wp-content\\\/uploads\\\/2026\\\/03\\\/DSC02818_resultado-scaled.webp&quot;}],&quot;background_slideshow_loop&quot;:&quot;yes&quot;,&quot;background_slideshow_slide_duration&quot;:5000,&quot;background_slideshow_slide_transition&quot;:&quot;fade&quot;,&quot;background_slideshow_transition_duration&quot;:500}\">\n\t\t\t\t\t<div class=\"e-con-inner\">\n\t\t\t\t\t<\/div>\n\t\t\t\t<\/div>\n\t\t<div class=\"elementor-element elementor-element-33c20eb e-con-full e-flex e-con e-parent\" data-id=\"33c20eb\" data-element_type=\"container\" data-settings=\"{&quot;background_background&quot;:&quot;classic&quot;}\">\n\t\t<div class=\"elementor-element elementor-element-7219417 e-flex e-con-boxed e-con e-child\" data-id=\"7219417\" data-element_type=\"container\">\n\t\t\t\t\t<div class=\"e-con-inner\">\n\t\t\t\t<div class=\"elementor-element elementor-element-5197b19 elementor-widget elementor-widget-heading\" data-id=\"5197b19\" data-element_type=\"widget\" data-widget_type=\"heading.default\">\n\t\t\t\t\t<h2 class=\"elementor-heading-title elementor-size-default\">Exteriores<\/h2>\t\t\t\t<\/div>\n\t\t<div class=\"elementor-element elementor-element-5a67e11 e-flex e-con-boxed e-con e-child\" data-id=\"5a67e11\" data-element_type=\"container\">\n\t\t\t\t\t<div class=\"e-con-inner\">\n\t\t<div class=\"elementor-element elementor-element-f7d7582 e-flex e-con-boxed e-con e-child\" data-id=\"f7d7582\" data-element_type=\"container\">\n\t\t\t\t\t<div class=\"e-con-inner\">\n\t\t\t\t<div class=\"elementor-element elementor-element-5883de7 elementor-widget elementor-widget-text-editor\" data-id=\"5883de7\" data-element_type=\"widget\" data-widget_type=\"text-editor.default\">\n\t\t\t\t\t\t\t\t\t<p class=\"p1\">El entorno de Cal Po no acompa\u00f1a. Define.<\/p><p class=\"p1\">Ubicada en un punto estrat\u00e9gico, la mas\u00eda equilibra aislamiento y proximidad. Lo suficiente lejos para desconectar de verdad. Lo bastante cerca para no renunciar a nada.Con <span class=\"s1\"><b>Montserrat<\/b><\/span> siempre presente, el paisaje no cambia\u2026 pero t\u00fa s\u00ed. La luz, el silencio y el paso del tiempo se perciben de otra manera. Aqu\u00ed no hay sobreestimulaci\u00f3n, y precisamente ah\u00ed est\u00e1 el valor.<\/p><p class=\"p1\">La tierra sigue activa: huerto, pozos, elementos agr\u00edcolas que no decoran, sino que explican. Hay historia, pero tambi\u00e9n continuidad. Nada est\u00e1 puesto para aparentar.Los caminos que rodean la mas\u00eda invitan a caminar sin objetivo. Sin prisa, sin presi\u00f3n. Solo moverse lo justo para volver distinto.<\/p><p class=\"p1\">Y luego est\u00e1 el silencio. No como ausencia, sino como espacio. Un silencio que permite parar, pensar o simplemente estar. Porque Cal Po no es solo un sitio bonito.<\/p><p class=\"p1\">Es un lugar que modifica c\u00f3mo te sientes mientras est\u00e1s en \u00e9l.<\/p>\t\t\t\t\t\t\t\t<\/div>\n\t\t\t\t\t<\/div>\n\t\t\t\t<\/div>\n\t\t\t\t\t<\/div>\n\t\t\t\t<\/div>\n\t\t\t\t\t<\/div>\n\t\t\t\t<\/div>\n\t\t<div class=\"elementor-element elementor-element-4b53118 e-con-full e-flex e-con e-child\" data-id=\"4b53118\" data-element_type=\"container\">\n\t\t\t\t<div class=\"elementor-element elementor-element-17b3344 marquee-animation elementor-widget elementor-widget-image-carousel\" data-id=\"17b3344\" data-element_type=\"widget\" data-settings=\"{&quot;slides_to_show&quot;:&quot;3&quot;,&quot;navigation&quot;:&quot;none&quot;,&quot;autoplay_speed&quot;:0,&quot;speed&quot;:8000,&quot;slides_to_show_tablet&quot;:&quot;2&quot;,&quot;autoplay&quot;:&quot;yes&quot;,&quot;infinite&quot;:&quot;yes&quot;,&quot;image_spacing_custom&quot;:{&quot;unit&quot;:&quot;px&quot;,&quot;size&quot;:20,&quot;sizes&quot;:[]},&quot;image_spacing_custom_tablet&quot;:{&quot;unit&quot;:&quot;px&quot;,&quot;size&quot;:&quot;&quot;,&quot;sizes&quot;:[]},&quot;image_spacing_custom_mobile&quot;:{&quot;unit&quot;:&quot;px&quot;,&quot;size&quot;:&quot;&quot;,&quot;sizes&quot;:[]}}\" data-widget_type=\"image-carousel.default\">\n\t\t\t\t\t\t\t<div class=\"elementor-image-carousel-wrapper swiper\" role=\"region\" aria-roledescription=\"carousel\" aria-label=\"Image Carousel\" dir=\"ltr\">\n\t\t\t<div class=\"elementor-image-carousel swiper-wrapper\" aria-live=\"off\">\n\t\t\t\t\t\t\t\t<div class=\"swiper-slide\" role=\"group\" aria-roledescription=\"slide\" aria-label=\"1 de 7\"><figure class=\"swiper-slide-inner\"><img decoding=\"async\" class=\"swiper-slide-image\" src=\"https:\/\/masiacalpo.com\/wp-content\/uploads\/2026\/03\/DSC02818_resultado-scaled.webp\" alt=\"DSC02818_resultado\" \/><\/figure><\/div><div class=\"swiper-slide\" role=\"group\" aria-roledescription=\"slide\" aria-label=\"2 de 7\"><figure class=\"swiper-slide-inner\"><img decoding=\"async\" class=\"swiper-slide-image\" src=\"https:\/\/masiacalpo.com\/wp-content\/uploads\/2026\/03\/DSC02626_resultado-scaled.webp\" alt=\"DSC02626_resultado\" \/><\/figure><\/div><div class=\"swiper-slide\" role=\"group\" aria-roledescription=\"slide\" aria-label=\"3 de 7\"><figure class=\"swiper-slide-inner\"><img decoding=\"async\" class=\"swiper-slide-image\" src=\"https:\/\/masiacalpo.com\/wp-content\/uploads\/2026\/03\/DJI_0052_resultado-scaled.webp\" alt=\"DJI_0052_resultado\" \/><\/figure><\/div><div class=\"swiper-slide\" role=\"group\" aria-roledescription=\"slide\" aria-label=\"4 de 7\"><figure class=\"swiper-slide-inner\"><img decoding=\"async\" class=\"swiper-slide-image\" src=\"https:\/\/masiacalpo.com\/wp-content\/uploads\/2026\/03\/DJI_0047_resultado-scaled.webp\" alt=\"DJI_0047_resultado\" \/><\/figure><\/div><div class=\"swiper-slide\" role=\"group\" aria-roledescription=\"slide\" aria-label=\"5 de 7\"><figure class=\"swiper-slide-inner\"><img decoding=\"async\" class=\"swiper-slide-image\" src=\"https:\/\/masiacalpo.com\/wp-content\/uploads\/2026\/03\/DSC03090_resultado-scaled.webp\" alt=\"DSC03090_resultado\" \/><\/figure><\/div><div class=\"swiper-slide\" role=\"group\" aria-roledescription=\"slide\" aria-label=\"6 de 7\"><figure class=\"swiper-slide-inner\"><img decoding=\"async\" class=\"swiper-slide-image\" src=\"https:\/\/masiacalpo.com\/wp-content\/uploads\/2026\/01\/1-entradamasia-1-scaled.jpg\" alt=\"DCIM100MEDIADJI_0041.JPG\" \/><\/figure><\/div><div class=\"swiper-slide\" role=\"group\" aria-roledescription=\"slide\" aria-label=\"7 de 7\"><figure class=\"swiper-slide-inner\"><img decoding=\"async\" class=\"swiper-slide-image\" src=\"https:\/\/masiacalpo.com\/wp-content\/uploads\/2026\/01\/5-entradamasiailuminada_resultado.webp\" alt=\"5-entradamasiailuminada_resultado.webp\" \/><\/figure><\/div>\t\t\t<\/div>\n\t\t\t\t\t\t\t\n\t\t\t\t\t\t\t\t\t<\/div>\n\t\t\t\t\t\t<\/div>\n\t\t\t\t<\/div>\n\t\t\t\t<\/div>\n\t\t<div class=\"elementor-element elementor-element-8d5ce3f e-con-full e-flex e-con e-parent\" data-id=\"8d5ce3f\" data-element_type=\"container\">\n\t\t\t\t<div class=\"elementor-element elementor-element-1739910 elementor-gallery--filter-align-center elementor-widget elementor-widget-gallery\" data-id=\"1739910\" data-element_type=\"widget\" data-settings=\"{&quot;columns_mobile&quot;:2,&quot;gap&quot;:{&quot;unit&quot;:&quot;px&quot;,&quot;size&quot;:5,&quot;sizes&quot;:[]},&quot;columns&quot;:3,&quot;lazyload&quot;:&quot;yes&quot;,&quot;gallery_layout&quot;:&quot;grid&quot;,&quot;columns_tablet&quot;:2,&quot;gap_tablet&quot;:{&quot;unit&quot;:&quot;px&quot;,&quot;size&quot;:10,&quot;sizes&quot;:[]},&quot;gap_mobile&quot;:{&quot;unit&quot;:&quot;px&quot;,&quot;size&quot;:10,&quot;sizes&quot;:[]},&quot;link_to&quot;:&quot;file&quot;,&quot;aspect_ratio&quot;:&quot;3:2&quot;,&quot;overlay_background&quot;:&quot;yes&quot;,&quot;content_hover_animation&quot;:&quot;fade-in&quot;}\" data-widget_type=\"gallery.default\">\n\t\t\t\t\t\t\t\t<div class=\"elementor-gallery__titles-container e--pointer-none\" aria-label=\"Filtro de galer\u00eda\">\n\t\t\t\t\n\t\t\t\t\t\t\t\t\t<a class=\"elementor-item elementor-gallery-title\" role=\"button\" tabindex=\"0\" data-gallery-index=\"0\">\n\t\t\t\t\t\tEntorno\t\t\t\t\t<\/a>\n\t\t\t\t\t\t\t\t\t\t<a class=\"elementor-item elementor-gallery-title\" role=\"button\" tabindex=\"0\" data-gallery-index=\"1\">\n\t\t\t\t\t\tBarbacoa\t\t\t\t\t<\/a>\n\t\t\t\t\t\t\t\t\t\t<a class=\"elementor-item elementor-gallery-title\" role=\"button\" tabindex=\"0\" data-gallery-index=\"2\">\n\t\t\t\t\t\tPiscina\t\t\t\t\t<\/a>\n\t\t\t\t\t\t\t\t<\/div>\n\t\t\t\t\t<div class=\"elementor-gallery__container\">\n\t\t\t\t\t\t\t<a class=\"e-gallery-item elementor-gallery-item elementor-animated-content\" data-e-gallery-tags=\"0\" href=\"https:\/\/masiacalpo.com\/wp-content\/uploads\/2026\/03\/DSC03090_resultado-scaled.webp\" data-elementor-open-lightbox=\"yes\" data-elementor-lightbox-slideshow=\"1739910\" data-elementor-lightbox-title=\"DSC03090_resultado\" data-e-action-hash=\"#elementor-action%3Aaction%3Dlightbox%26settings%3DeyJpZCI6MjY2LCJ1cmwiOiJodHRwczpcL1wvbWFzaWFjYWxwby5jb21cL3dwLWNvbnRlbnRcL3VwbG9hZHNcLzIwMjZcLzAzXC9EU0MwMzA5MF9yZXN1bHRhZG8tc2NhbGVkLndlYnAiLCJzbGlkZXNob3ciOiIxNzM5OTEwIn0%3D\">\n\t\t\t\t\t<div class=\"e-gallery-image elementor-gallery-item__image\" data-thumbnail=\"https:\/\/masiacalpo.com\/wp-content\/uploads\/2026\/03\/DSC03090_resultado-scaled.webp\" data-width=\"1707\" data-height=\"2560\" aria-label=\"\" role=\"img\" ><\/div>\n\t\t\t\t\t\t\t\t\t\t\t<div class=\"elementor-gallery-item__overlay\"><\/div>\n\t\t\t\t\t\t\t\t\t\t\t\t\t\t<\/a>\n\t\t\t\t\t\t\t<a class=\"e-gallery-item elementor-gallery-item elementor-animated-content\" data-e-gallery-tags=\"0\" href=\"https:\/\/masiacalpo.com\/wp-content\/uploads\/2026\/01\/DSC02755-scaled.jpg\" data-elementor-open-lightbox=\"yes\" data-elementor-lightbox-slideshow=\"1739910\" data-elementor-lightbox-title=\"DSC02755\" data-e-action-hash=\"#elementor-action%3Aaction%3Dlightbox%26settings%3DeyJpZCI6MTkxLCJ1cmwiOiJodHRwczpcL1wvbWFzaWFjYWxwby5jb21cL3dwLWNvbnRlbnRcL3VwbG9hZHNcLzIwMjZcLzAxXC9EU0MwMjc1NS1zY2FsZWQuanBnIiwic2xpZGVzaG93IjoiMTczOTkxMCJ9\">\n\t\t\t\t\t<div class=\"e-gallery-image elementor-gallery-item__image\" data-thumbnail=\"https:\/\/masiacalpo.com\/wp-content\/uploads\/2026\/01\/DSC02755-scaled.jpg\" data-width=\"2560\" data-height=\"1707\" aria-label=\"\" role=\"img\" ><\/div>\n\t\t\t\t\t\t\t\t\t\t\t<div class=\"elementor-gallery-item__overlay\"><\/div>\n\t\t\t\t\t\t\t\t\t\t\t\t\t\t<\/a>\n\t\t\t\t\t\t\t<a class=\"e-gallery-item elementor-gallery-item elementor-animated-content\" data-e-gallery-tags=\"2\" href=\"https:\/\/masiacalpo.com\/wp-content\/uploads\/2026\/01\/27-vistaexteriormasia_resultado.webp\" data-elementor-open-lightbox=\"yes\" data-elementor-lightbox-slideshow=\"1739910\" data-elementor-lightbox-title=\"27-vistaexteriormasia_resultado.webp\" data-e-action-hash=\"#elementor-action%3Aaction%3Dlightbox%26settings%3DeyJpZCI6MTYsInVybCI6Imh0dHBzOlwvXC9tYXNpYWNhbHBvLmNvbVwvd3AtY29udGVudFwvdXBsb2Fkc1wvMjAyNlwvMDFcLzI3LXZpc3RhZXh0ZXJpb3JtYXNpYV9yZXN1bHRhZG8ud2VicCIsInNsaWRlc2hvdyI6IjE3Mzk5MTAifQ%3D%3D\">\n\t\t\t\t\t<div class=\"e-gallery-image elementor-gallery-item__image\" data-thumbnail=\"https:\/\/masiacalpo.com\/wp-content\/uploads\/2026\/01\/27-vistaexteriormasia_resultado.webp\" data-width=\"800\" data-height=\"533\" aria-label=\"\" role=\"img\" ><\/div>\n\t\t\t\t\t\t\t\t\t\t\t<div class=\"elementor-gallery-item__overlay\"><\/div>\n\t\t\t\t\t\t\t\t\t\t\t\t\t\t<\/a>\n\t\t\t\t\t\t\t<a class=\"e-gallery-item elementor-gallery-item elementor-animated-content\" data-e-gallery-tags=\"2\" href=\"https:\/\/masiacalpo.com\/wp-content\/uploads\/2026\/01\/2-vistesexteriors-1_resultado.webp\" data-elementor-open-lightbox=\"yes\" data-elementor-lightbox-slideshow=\"1739910\" data-elementor-lightbox-title=\"2-vistesexteriors-1_resultado.webp\" data-e-action-hash=\"#elementor-action%3Aaction%3Dlightbox%26settings%3DeyJpZCI6MTQsInVybCI6Imh0dHBzOlwvXC9tYXNpYWNhbHBvLmNvbVwvd3AtY29udGVudFwvdXBsb2Fkc1wvMjAyNlwvMDFcLzItdmlzdGVzZXh0ZXJpb3JzLTFfcmVzdWx0YWRvLndlYnAiLCJzbGlkZXNob3ciOiIxNzM5OTEwIn0%3D\">\n\t\t\t\t\t<div class=\"e-gallery-image elementor-gallery-item__image\" data-thumbnail=\"https:\/\/masiacalpo.com\/wp-content\/uploads\/2026\/01\/2-vistesexteriors-1_resultado.webp\" data-width=\"800\" data-height=\"450\" aria-label=\"\" role=\"img\" ><\/div>\n\t\t\t\t\t\t\t\t\t\t\t<div class=\"elementor-gallery-item__overlay\"><\/div>\n\t\t\t\t\t\t\t\t\t\t\t\t\t\t<\/a>\n\t\t\t\t\t\t\t<a class=\"e-gallery-item elementor-gallery-item elementor-animated-content\" data-e-gallery-tags=\"1\" href=\"https:\/\/masiacalpo.com\/wp-content\/uploads\/2026\/03\/DSC02818_resultado-scaled.webp\" data-elementor-open-lightbox=\"yes\" data-elementor-lightbox-slideshow=\"1739910\" data-elementor-lightbox-title=\"DSC02818_resultado\" data-e-action-hash=\"#elementor-action%3Aaction%3Dlightbox%26settings%3DeyJpZCI6MjkyLCJ1cmwiOiJodHRwczpcL1wvbWFzaWFjYWxwby5jb21cL3dwLWNvbnRlbnRcL3VwbG9hZHNcLzIwMjZcLzAzXC9EU0MwMjgxOF9yZXN1bHRhZG8tc2NhbGVkLndlYnAiLCJzbGlkZXNob3ciOiIxNzM5OTEwIn0%3D\">\n\t\t\t\t\t<div class=\"e-gallery-image elementor-gallery-item__image\" data-thumbnail=\"https:\/\/masiacalpo.com\/wp-content\/uploads\/2026\/03\/DSC02818_resultado-scaled.webp\" data-width=\"2560\" data-height=\"1707\" aria-label=\"\" role=\"img\" ><\/div>\n\t\t\t\t\t\t\t\t\t\t\t<div class=\"elementor-gallery-item__overlay\"><\/div>\n\t\t\t\t\t\t\t\t\t\t\t\t\t\t<\/a>\n\t\t\t\t\t\t\t<a class=\"e-gallery-item elementor-gallery-item elementor-animated-content\" data-e-gallery-tags=\"2\" href=\"https:\/\/masiacalpo.com\/wp-content\/uploads\/2026\/01\/14-entradacuina.webp\" data-elementor-open-lightbox=\"yes\" data-elementor-lightbox-slideshow=\"1739910\" data-elementor-lightbox-title=\"14-entradacuina.webp\" data-e-action-hash=\"#elementor-action%3Aaction%3Dlightbox%26settings%3DeyJpZCI6MTcsInVybCI6Imh0dHBzOlwvXC9tYXNpYWNhbHBvLmNvbVwvd3AtY29udGVudFwvdXBsb2Fkc1wvMjAyNlwvMDFcLzE0LWVudHJhZGFjdWluYS53ZWJwIiwic2xpZGVzaG93IjoiMTczOTkxMCJ9\">\n\t\t\t\t\t<div class=\"e-gallery-image elementor-gallery-item__image\" data-thumbnail=\"https:\/\/masiacalpo.com\/wp-content\/uploads\/2026\/01\/14-entradacuina.webp\" data-width=\"1000\" data-height=\"667\" aria-label=\"\" role=\"img\" ><\/div>\n\t\t\t\t\t\t\t\t\t\t\t<div class=\"elementor-gallery-item__overlay\"><\/div>\n\t\t\t\t\t\t\t\t\t\t\t\t\t\t<\/a>\n\t\t\t\t\t\t\t<a class=\"e-gallery-item elementor-gallery-item elementor-animated-content\" data-e-gallery-tags=\"0\" href=\"https:\/\/masiacalpo.com\/wp-content\/uploads\/2026\/01\/DJI_0052-scaled.jpg\" data-elementor-open-lightbox=\"yes\" data-elementor-lightbox-slideshow=\"1739910\" data-elementor-lightbox-title=\"DCIM100MEDIADJI_0052.JPG\" data-e-action-hash=\"#elementor-action%3Aaction%3Dlightbox%26settings%3DeyJpZCI6MjAxLCJ1cmwiOiJodHRwczpcL1wvbWFzaWFjYWxwby5jb21cL3dwLWNvbnRlbnRcL3VwbG9hZHNcLzIwMjZcLzAxXC9ESklfMDA1Mi1zY2FsZWQuanBnIiwic2xpZGVzaG93IjoiMTczOTkxMCJ9\">\n\t\t\t\t\t<div class=\"e-gallery-image elementor-gallery-item__image\" data-thumbnail=\"https:\/\/masiacalpo.com\/wp-content\/uploads\/2026\/01\/DJI_0052-scaled.jpg\" data-width=\"2560\" data-height=\"1440\" aria-label=\"\" role=\"img\" ><\/div>\n\t\t\t\t\t\t\t\t\t\t\t<div class=\"elementor-gallery-item__overlay\"><\/div>\n\t\t\t\t\t\t\t\t\t\t\t\t\t\t<\/a>\n\t\t\t\t\t<\/div>\n\t\t\t\t\t<\/div>\n\t\t\t\t<\/div>\n\t\t\t\t<\/div>\n\t\t","protected":false},"excerpt":{"rendered":"<p>Exteriores El entorno de Cal Po no acompa\u00f1a. Define. Ubicada en un punto estrat\u00e9gico, la mas\u00eda equilibra aislamiento y proximidad. Lo suficiente lejos para desconectar de verdad. Lo bastante cerca para no renunciar a nada.Con Montserrat siempre presente, el paisaje no cambia\u2026 pero t\u00fa s\u00ed. La luz, el silencio y el paso del tiempo se [&hellip;]<\/p>\n","protected":false},"author":1,"featured_media":0,"parent":0,"menu_order":0,"comment_status":"closed","ping_status":"closed","template":"","meta":{"_acf_changed":false,"footnotes":""},"class_list":["post-131","page","type-page","status-publish","hentry"],"acf":[],"yoast_head":"<!-- This site is optimized with the Yoast SEO plugin v27.3 - https:\/\/yoast.com\/product\/yoast-seo-wordpress\/ -->\n<title>Entorno - Masia Cal Po<\/title>\n<meta name=\"description\" content=\"Explora el entorno natural de Montserrat desde Mas\u00eda Cal Po. Disfruta de nuestra piscina, zona de barbacoa y el silencio de Collbat\u00f3 en un paisaje \u00fanico. \u00a1Ven a respirar!\" \/>\n<meta name=\"robots\" content=\"index, follow, max-snippet:-1, max-image-preview:large, max-video-preview:-1\" \/>\n<link rel=\"canonical\" href=\"https:\/\/masiacalpo.com\/ca\/entorno\/\" \/>\n<meta property=\"og:locale\" content=\"ca_ES\" \/>\n<meta property=\"og:type\" content=\"article\" \/>\n<meta property=\"og:title\" content=\"Entorno - Masia Cal Po\" \/>\n<meta property=\"og:description\" content=\"Explora el entorno natural de Montserrat desde Mas\u00eda Cal Po. Disfruta de nuestra piscina, zona de barbacoa y el silencio de Collbat\u00f3 en un paisaje \u00fanico. \u00a1Ven a respirar!\" \/>\n<meta property=\"og:url\" content=\"https:\/\/masiacalpo.com\/ca\/entorno\/\" \/>\n<meta property=\"og:site_name\" content=\"Masia Cal Po\" \/>\n<meta property=\"article:modified_time\" content=\"2026-04-07T07:23:39+00:00\" \/>\n<meta property=\"og:image\" content=\"https:\/\/masiacalpo.com\/wp-content\/uploads\/2026\/03\/DSC02818_resultado-scaled.webp\" \/>\n<meta name=\"twitter:card\" content=\"summary_large_image\" \/>\n<meta name=\"twitter:label1\" content=\"Temps estimat de lectura\" \/>\n\t<meta name=\"twitter:data1\" content=\"3 minuts\" \/>\n<script type=\"application\/ld+json\" class=\"yoast-schema-graph\">{\"@context\":\"https:\\\/\\\/schema.org\",\"@graph\":[{\"@type\":\"WebPage\",\"@id\":\"https:\\\/\\\/masiacalpo.com\\\/entorno\\\/\",\"url\":\"https:\\\/\\\/masiacalpo.com\\\/entorno\\\/\",\"name\":\"Entorno - Masia Cal Po\",\"isPartOf\":{\"@id\":\"https:\\\/\\\/masiacalpo.com\\\/#website\"},\"primaryImageOfPage\":{\"@id\":\"https:\\\/\\\/masiacalpo.com\\\/entorno\\\/#primaryimage\"},\"image\":{\"@id\":\"https:\\\/\\\/masiacalpo.com\\\/entorno\\\/#primaryimage\"},\"thumbnailUrl\":\"https:\\\/\\\/masiacalpo.com\\\/wp-content\\\/uploads\\\/2026\\\/03\\\/DSC02818_resultado-scaled.webp\",\"datePublished\":\"2026-01-14T09:15:03+00:00\",\"dateModified\":\"2026-04-07T07:23:39+00:00\",\"description\":\"Explora el entorno natural de Montserrat desde Mas\u00eda Cal Po. Disfruta de nuestra piscina, zona de barbacoa y el silencio de Collbat\u00f3 en un paisaje \u00fanico. \u00a1Ven a respirar!\",\"breadcrumb\":{\"@id\":\"https:\\\/\\\/masiacalpo.com\\\/entorno\\\/#breadcrumb\"},\"inLanguage\":\"ca\",\"potentialAction\":[{\"@type\":\"ReadAction\",\"target\":[\"https:\\\/\\\/masiacalpo.com\\\/entorno\\\/\"]}]},{\"@type\":\"ImageObject\",\"inLanguage\":\"ca\",\"@id\":\"https:\\\/\\\/masiacalpo.com\\\/entorno\\\/#primaryimage\",\"url\":\"https:\\\/\\\/masiacalpo.com\\\/wp-content\\\/uploads\\\/2026\\\/03\\\/DSC02818_resultado-scaled.webp\",\"contentUrl\":\"https:\\\/\\\/masiacalpo.com\\\/wp-content\\\/uploads\\\/2026\\\/03\\\/DSC02818_resultado-scaled.webp\"},{\"@type\":\"BreadcrumbList\",\"@id\":\"https:\\\/\\\/masiacalpo.com\\\/entorno\\\/#breadcrumb\",\"itemListElement\":[{\"@type\":\"ListItem\",\"position\":1,\"name\":\"Portada\",\"item\":\"https:\\\/\\\/masiacalpo.com\\\/\"},{\"@type\":\"ListItem\",\"position\":2,\"name\":\"Entorno\"}]},{\"@type\":\"WebSite\",\"@id\":\"https:\\\/\\\/masiacalpo.com\\\/#website\",\"url\":\"https:\\\/\\\/masiacalpo.com\\\/\",\"name\":\"Masia Cal Po\",\"description\":\"Casa rural en Collbat\u00f3, a los pies de Montserrat. Un espacio tranquilo para desconectar, disfrutar de la naturaleza y vivir una estancia con encanto.\",\"publisher\":{\"@id\":\"https:\\\/\\\/masiacalpo.com\\\/#organization\"},\"potentialAction\":[{\"@type\":\"SearchAction\",\"target\":{\"@type\":\"EntryPoint\",\"urlTemplate\":\"https:\\\/\\\/masiacalpo.com\\\/?s={search_term_string}\"},\"query-input\":{\"@type\":\"PropertyValueSpecification\",\"valueRequired\":true,\"valueName\":\"search_term_string\"}}],\"inLanguage\":\"ca\"},{\"@type\":\"Organization\",\"@id\":\"https:\\\/\\\/masiacalpo.com\\\/#organization\",\"name\":\"Masia Cal Po\",\"url\":\"https:\\\/\\\/masiacalpo.com\\\/\",\"logo\":{\"@type\":\"ImageObject\",\"inLanguage\":\"ca\",\"@id\":\"https:\\\/\\\/masiacalpo.com\\\/#\\\/schema\\\/logo\\\/image\\\/\",\"url\":\"https:\\\/\\\/masiacalpo.com\\\/wp-content\\\/uploads\\\/2026\\\/01\\\/Cal-po-minimo-white-transp-1.png\",\"contentUrl\":\"https:\\\/\\\/masiacalpo.com\\\/wp-content\\\/uploads\\\/2026\\\/01\\\/Cal-po-minimo-white-transp-1.png\",\"width\":900,\"height\":319,\"caption\":\"Masia Cal Po\"},\"image\":{\"@id\":\"https:\\\/\\\/masiacalpo.com\\\/#\\\/schema\\\/logo\\\/image\\\/\"}}]}<\/script>\n<!-- \/ Yoast SEO plugin. -->","yoast_head_json":{"title":"Entorno - Masia Cal Po","description":"Explora el entorno natural de Montserrat desde Mas\u00eda Cal Po. Disfruta de nuestra piscina, zona de barbacoa y el silencio de Collbat\u00f3 en un paisaje \u00fanico. \u00a1Ven a respirar!","robots":{"index":"index","follow":"follow","max-snippet":"max-snippet:-1","max-image-preview":"max-image-preview:large","max-video-preview":"max-video-preview:-1"},"canonical":"https:\/\/masiacalpo.com\/ca\/entorno\/","og_locale":"ca_ES","og_type":"article","og_title":"Entorno - Masia Cal Po","og_description":"Explora el entorno natural de Montserrat desde Mas\u00eda Cal Po. Disfruta de nuestra piscina, zona de barbacoa y el silencio de Collbat\u00f3 en un paisaje \u00fanico. \u00a1Ven a respirar!","og_url":"https:\/\/masiacalpo.com\/ca\/entorno\/","og_site_name":"Masia Cal Po","article_modified_time":"2026-04-07T07:23:39+00:00","og_image":[{"url":"https:\/\/masiacalpo.com\/wp-content\/uploads\/2026\/03\/DSC02818_resultado-scaled.webp","type":"","width":"","height":""}],"twitter_card":"summary_large_image","twitter_misc":{"Temps estimat de lectura":"3 minuts"},"schema":{"@context":"https:\/\/schema.org","@graph":[{"@type":"WebPage","@id":"https:\/\/masiacalpo.com\/entorno\/","url":"https:\/\/masiacalpo.com\/entorno\/","name":"Entorno - Masia Cal Po","isPartOf":{"@id":"https:\/\/masiacalpo.com\/#website"},"primaryImageOfPage":{"@id":"https:\/\/masiacalpo.com\/entorno\/#primaryimage"},"image":{"@id":"https:\/\/masiacalpo.com\/entorno\/#primaryimage"},"thumbnailUrl":"https:\/\/masiacalpo.com\/wp-content\/uploads\/2026\/03\/DSC02818_resultado-scaled.webp","datePublished":"2026-01-14T09:15:03+00:00","dateModified":"2026-04-07T07:23:39+00:00","description":"Explora el entorno natural de Montserrat desde Mas\u00eda Cal Po. Disfruta de nuestra piscina, zona de barbacoa y el silencio de Collbat\u00f3 en un paisaje \u00fanico. \u00a1Ven a respirar!","breadcrumb":{"@id":"https:\/\/masiacalpo.com\/entorno\/#breadcrumb"},"inLanguage":"ca","potentialAction":[{"@type":"ReadAction","target":["https:\/\/masiacalpo.com\/entorno\/"]}]},{"@type":"ImageObject","inLanguage":"ca","@id":"https:\/\/masiacalpo.com\/entorno\/#primaryimage","url":"https:\/\/masiacalpo.com\/wp-content\/uploads\/2026\/03\/DSC02818_resultado-scaled.webp","contentUrl":"https:\/\/masiacalpo.com\/wp-content\/uploads\/2026\/03\/DSC02818_resultado-scaled.webp"},{"@type":"BreadcrumbList","@id":"https:\/\/masiacalpo.com\/entorno\/#breadcrumb","itemListElement":[{"@type":"ListItem","position":1,"name":"Portada","item":"https:\/\/masiacalpo.com\/"},{"@type":"ListItem","position":2,"name":"Entorno"}]},{"@type":"WebSite","@id":"https:\/\/masiacalpo.com\/#website","url":"https:\/\/masiacalpo.com\/","name":"Masia Cal Po","description":"Casa rural en Collbat\u00f3, a los pies de Montserrat. Un espacio tranquilo para desconectar, disfrutar de la naturaleza y vivir una estancia con encanto.","publisher":{"@id":"https:\/\/masiacalpo.com\/#organization"},"potentialAction":[{"@type":"SearchAction","target":{"@type":"EntryPoint","urlTemplate":"https:\/\/masiacalpo.com\/?s={search_term_string}"},"query-input":{"@type":"PropertyValueSpecification","valueRequired":true,"valueName":"search_term_string"}}],"inLanguage":"ca"},{"@type":"Organization","@id":"https:\/\/masiacalpo.com\/#organization","name":"Masia Cal Po","url":"https:\/\/masiacalpo.com\/","logo":{"@type":"ImageObject","inLanguage":"ca","@id":"https:\/\/masiacalpo.com\/#\/schema\/logo\/image\/","url":"https:\/\/masiacalpo.com\/wp-content\/uploads\/2026\/01\/Cal-po-minimo-white-transp-1.png","contentUrl":"https:\/\/masiacalpo.com\/wp-content\/uploads\/2026\/01\/Cal-po-minimo-white-transp-1.png","width":900,"height":319,"caption":"Masia Cal Po"},"image":{"@id":"https:\/\/masiacalpo.com\/#\/schema\/logo\/image\/"}}]}},"_links":{"self":[{"href":"https:\/\/masiacalpo.com\/ca\/wp-json\/wp\/v2\/pages\/131","targetHints":{"allow":["GET"]}}],"collection":[{"href":"https:\/\/masiacalpo.com\/ca\/wp-json\/wp\/v2\/pages"}],"about":[{"href":"https:\/\/masiacalpo.com\/ca\/wp-json\/wp\/v2\/types\/page"}],"author":[{"embeddable":true,"href":"https:\/\/masiacalpo.com\/ca\/wp-json\/wp\/v2\/users\/1"}],"replies":[{"embeddable":true,"href":"https:\/\/masiacalpo.com\/ca\/wp-json\/wp\/v2\/comments?post=131"}],"version-history":[{"count":28,"href":"https:\/\/masiacalpo.com\/ca\/wp-json\/wp\/v2\/pages\/131\/revisions"}],"predecessor-version":[{"id":864,"href":"https:\/\/masiacalpo.com\/ca\/wp-json\/wp\/v2\/pages\/131\/revisions\/864"}],"wp:attachment":[{"href":"https:\/\/masiacalpo.com\/ca\/wp-json\/wp\/v2\/media?parent=131"}],"curies":[{"name":"wp","href":"https:\/\/api.w.org\/{rel}","templated":true}]}}